{"id":3278,"date":"2023-01-16T13:25:25","date_gmt":"2023-01-16T12:25:25","guid":{"rendered":"https:\/\/campingrifort.com\/wettelijke-waarschuwing\/"},"modified":"2023-04-19T13:25:57","modified_gmt":"2023-04-19T11:25:57","slug":"wettelijke-waarschuwing","status":"publish","type":"page","link":"https:\/\/campingrifort.com\/nl\/wettelijke-waarschuwing\/","title":{"rendered":"Wettelijke waarschuwing"},"content":{"rendered":"\t\t<div data-elementor-type=\"wp-page\" data-elementor-id=\"3278\" class=\"elementor elementor-3278 elementor-1604\" data-elementor-post-type=\"page\">\n\t\t\t\t\t\t<section class=\"elementor-section elementor-top-section elementor-element elementor-element-9bc39c0 elementor-section-boxed elementor-section-height-default elementor-section-height-default\" data-id=\"9bc39c0\" data-element_type=\"section\" data-e-type=\"section\" data-settings=\"{&quot;jet_parallax_layout_list&quot;:[]}\">\n\t\t\t\t\t\t<div class=\"elementor-container elementor-column-gap-default\">\n\t\t\t\t\t<div class=\"elementor-column elementor-col-100 elementor-top-column elementor-element elementor-element-a9a72f8\" data-id=\"a9a72f8\" data-element_type=\"column\" data-e-type=\"column\">\n\t\t\t<div class=\"elementor-widget-wrap elementor-element-populated\">\n\t\t\t\t\t\t<div class=\"elementor-element elementor-element-2ac1343 elementor-widget elementor-widget-spacer\" data-id=\"2ac1343\" data-element_type=\"widget\" data-e-type=\"widget\" data-widget_type=\"spacer.default\">\n\t\t\t\t<div class=\"elementor-widget-container\">\n\t\t\t\t\t\t\t<div class=\"elementor-spacer\">\n\t\t\t<div class=\"elementor-spacer-inner\"><\/div>\n\t\t<\/div>\n\t\t\t\t\t\t<\/div>\n\t\t\t\t<\/div>\n\t\t\t\t<div class=\"elementor-element elementor-element-ae89505 elementor-widget elementor-widget-heading\" data-id=\"ae89505\" data-element_type=\"widget\" data-e-type=\"widget\" data-widget_type=\"heading.default\">\n\t\t\t\t<div class=\"elementor-widget-container\">\n\t\t\t\t\t<h2 class=\"elementor-heading-title elementor-size-default\">WETTELIJKE WAARSCHUWING<\/h2>\t\t\t\t<\/div>\n\t\t\t\t<\/div>\n\t\t\t\t<div class=\"elementor-element elementor-element-6c8481d elementor-widget elementor-widget-spacer\" data-id=\"6c8481d\" data-element_type=\"widget\" data-e-type=\"widget\" data-widget_type=\"spacer.default\">\n\t\t\t\t<div class=\"elementor-widget-container\">\n\t\t\t\t\t\t\t<div class=\"elementor-spacer\">\n\t\t\t<div class=\"elementor-spacer-inner\"><\/div>\n\t\t<\/div>\n\t\t\t\t\t\t<\/div>\n\t\t\t\t<\/div>\n\t\t\t\t\t<\/div>\n\t\t<\/div>\n\t\t\t\t\t<\/div>\n\t\t<\/section>\n\t\t\t\t<section class=\"elementor-section elementor-top-section elementor-element elementor-element-ed98642 elementor-section-boxed elementor-section-height-default elementor-section-height-default\" data-id=\"ed98642\" data-element_type=\"section\" data-e-type=\"section\" data-settings=\"{&quot;jet_parallax_layout_list&quot;:[]}\">\n\t\t\t\t\t\t<div class=\"elementor-container elementor-column-gap-default\">\n\t\t\t\t\t<div class=\"elementor-column elementor-col-100 elementor-top-column elementor-element elementor-element-39aae48\" data-id=\"39aae48\" data-element_type=\"column\" data-e-type=\"column\">\n\t\t\t<div class=\"elementor-widget-wrap elementor-element-populated\">\n\t\t\t\t\t\t<div class=\"elementor-element elementor-element-896dbcb elementor-widget elementor-widget-text-editor\" data-id=\"896dbcb\" data-element_type=\"widget\" data-e-type=\"widget\" data-widget_type=\"text-editor.default\">\n\t\t\t\t<div class=\"elementor-widget-container\">\n\t\t\t\t\t\t\t\t\t<p>In overeenstemming met artikel 10 van Wet 34\/2002 van 11 juli op de diensten van de Society of Information and Electronic Commerce (LSSICE) worden de identificatiegegevens van het bedrijf hieronder beschreven:<\/p>\n<p>Bedrijfsnummer:<\/p>\n<p>Bedrijfsnaam: CAMPING RIFORT, SA<\/p>\n<p>NIF: A17205857<\/p>\n<p>RMG: T309 L590 F179 H10330 Ins 1\u00aa<\/p>\n<p>Adres: CAMI VELL, 2 \u2013 17258 \u2013 L&#8217;ESTARTIT \u2013 GIRONA<\/p>\n<p>Telefoon: 972750406<\/p>\n<p>E-mail: campingrifort@campingrifort.com<\/p>\n<p>DOEL VAN DE WEBSITE.<\/p>\n<p>Hier moet u het doel of de activiteit van de website of het bedrijf beschrijven. Prijzen van de producten of diensten die via het web worden aangeboden, met vermelding van belastingen en verzendkosten.<\/p>\n<p>Deze juridische kennisgeving (hierna de &#8220;juridische kennisgeving&#8221;) regelt het gebruik van de website: www.campingrifort.com<\/p>\n<p>WETGEVING.<\/p>\n<p>Over het algemeen zijn de relaties tussen A17205857 () en de gebruikers van zijn telematicadiensten, aanwezig op deze website, onderworpen aan de Spaanse wetgeving en jurisdictie.<\/p>\n<p>GEBRUIKERS GEBRUIK EN TOEGANG.<\/p>\n<p>De gebruiker wordt ge\u00efnformeerd en aanvaardt dat toegang tot deze website op geen enkele manier het begin van een commerci\u00eble relatie met CAMPING RIFORT, SA () of een van zijn delegaties inhoudt.<\/p>\n<p>INTELLECTUEEL EN INDUSTRIEEL EIGENDOM.<\/p>\n<p>De intellectuele eigendomsrechten van de inhoud van de webpagina&#8217;s, hun grafisch ontwerp en codes zijn eigendom van CAMPING RIFORT, SA () en daarom is hun reproductie, distributie, openbare communicatie, transformatie of enige andere activiteit die kan worden uitgevoerd verboden met de inhoud van zijn webpagina&#8217;s of zelfs met vermelding van de bronnen, behalve met de schriftelijke toestemming van CAMPING RIFORT, SA ().<\/p>\n<p>WEBINHOUD EN LINKS.<\/p>\n<p>CAMPING RIFORT, SA () behoudt zich het recht voor om de informatie op zijn webpagina&#8217;s bij te werken, te wijzigen of te verwijderen en kan de toegang tot deze informatie zelfs beperken of weigeren aan bepaalde gebruikers.<\/p>\n<p>CAMPING RIFORT, SA () aanvaardt geen enkele verantwoordelijkheid voor de informatie op webpagina&#8217;s van derden die toegankelijk zijn via &#8220;links&#8221; of links vanaf een webpagina die eigendom is van CAMPING RIFORT, SA (). De aanwezigheid van &#8220;links&#8221; of links op de webpagina&#8217;s van CAMPING RIFORT, SA () heeft een louter informatief doel en impliceert in geen geval een suggestie, uitnodiging of aanbeveling daarover.<\/p>\n\t\t\t\t\t\t\t\t<\/div>\n\t\t\t\t<\/div>\n\t\t\t\t\t<\/div>\n\t\t<\/div>\n\t\t\t\t\t<\/div>\n\t\t<\/section>\n\t\t\t\t<section class=\"elementor-section elementor-top-section elementor-element elementor-element-255b734 elementor-section-boxed elementor-section-height-default elementor-section-height-default\" data-id=\"255b734\" data-element_type=\"section\" data-e-type=\"section\" data-settings=\"{&quot;jet_parallax_layout_list&quot;:[],&quot;background_background&quot;:&quot;classic&quot;}\">\n\t\t\t\t\t\t<div class=\"elementor-container elementor-column-gap-default\">\n\t\t\t\t\t<div class=\"elementor-column elementor-col-100 elementor-top-column elementor-element elementor-element-eea9238\" data-id=\"eea9238\" data-element_type=\"column\" data-e-type=\"column\">\n\t\t\t<div class=\"elementor-widget-wrap elementor-element-populated\">\n\t\t\t\t\t\t<div class=\"elementor-element elementor-element-e97c76a elementor-widget-divider--view-line elementor-widget elementor-widget-divider\" data-id=\"e97c76a\" data-element_type=\"widget\" data-e-type=\"widget\" data-widget_type=\"divider.default\">\n\t\t\t\t<div class=\"elementor-widget-container\">\n\t\t\t\t\t\t\t<div class=\"elementor-divider\">\n\t\t\t<span class=\"elementor-divider-separator\">\n\t\t\t\t\t\t<\/span>\n\t\t<\/div>\n\t\t\t\t\t\t<\/div>\n\t\t\t\t<\/div>\n\t\t\t\t\t<\/div>\n\t\t<\/div>\n\t\t\t\t\t<\/div>\n\t\t<\/section>\n\t\t\t\t<section class=\"elementor-section elementor-top-section elementor-element elementor-element-42f0349 elementor-section-boxed elementor-section-height-default elementor-section-height-default\" data-id=\"42f0349\" data-element_type=\"section\" data-e-type=\"section\" data-settings=\"{&quot;jet_parallax_layout_list&quot;:[]}\">\n\t\t\t\t\t\t<div class=\"elementor-container elementor-column-gap-default\">\n\t\t\t\t\t<div class=\"elementor-column elementor-col-50 elementor-top-column elementor-element elementor-element-f5643b0\" data-id=\"f5643b0\" data-element_type=\"column\" data-e-type=\"column\">\n\t\t\t<div class=\"elementor-widget-wrap elementor-element-populated\">\n\t\t\t\t\t\t<div class=\"elementor-element elementor-element-f4f7a08 elementor-align-center elementor-mobile-align-justify elementor-invisible elementor-widget elementor-widget-button\" data-id=\"f4f7a08\" data-element_type=\"widget\" data-e-type=\"widget\" data-settings=\"{&quot;_animation&quot;:&quot;zoomIn&quot;,&quot;_animation_delay&quot;:300}\" data-widget_type=\"button.default\">\n\t\t\t\t<div class=\"elementor-widget-container\">\n\t\t\t\t\t\t\t\t\t<div class=\"elementor-button-wrapper\">\n\t\t\t\t\t<a class=\"elementor-button elementor-button-link elementor-size-sm\" href=\"https:\/\/campingrifort.com\/politica-de-privacitat\/\">\n\t\t\t\t\t\t<span class=\"elementor-button-content-wrapper\">\n\t\t\t\t\t\t\t\t\t<span class=\"elementor-button-text\">PRIVACYBELEID<\/span>\n\t\t\t\t\t<\/span>\n\t\t\t\t\t<\/a>\n\t\t\t\t<\/div>\n\t\t\t\t\t\t\t\t<\/div>\n\t\t\t\t<\/div>\n\t\t\t\t\t<\/div>\n\t\t<\/div>\n\t\t\t\t<div class=\"elementor-column elementor-col-50 elementor-top-column elementor-element elementor-element-238d066\" data-id=\"238d066\" data-element_type=\"column\" data-e-type=\"column\">\n\t\t\t<div class=\"elementor-widget-wrap elementor-element-populated\">\n\t\t\t\t\t\t<div class=\"elementor-element elementor-element-8b13a69 elementor-align-center elementor-mobile-align-justify elementor-invisible elementor-widget elementor-widget-button\" data-id=\"8b13a69\" data-element_type=\"widget\" data-e-type=\"widget\" data-settings=\"{&quot;_animation&quot;:&quot;zoomIn&quot;,&quot;_animation_delay&quot;:300}\" data-widget_type=\"button.default\">\n\t\t\t\t<div class=\"elementor-widget-container\">\n\t\t\t\t\t\t\t\t\t<div class=\"elementor-button-wrapper\">\n\t\t\t\t\t<a class=\"elementor-button elementor-button-link elementor-size-sm\" href=\"https:\/\/campingrifort.com\/politica-de-cookies\/\">\n\t\t\t\t\t\t<span class=\"elementor-button-content-wrapper\">\n\t\t\t\t\t\t\t\t\t<span class=\"elementor-button-text\">COOKIESBELEID<\/span>\n\t\t\t\t\t<\/span>\n\t\t\t\t\t<\/a>\n\t\t\t\t<\/div>\n\t\t\t\t\t\t\t\t<\/div>\n\t\t\t\t<\/div>\n\t\t\t\t\t<\/div>\n\t\t<\/div>\n\t\t\t\t\t<\/div>\n\t\t<\/section>\n\t\t\t\t<section class=\"elementor-section elementor-top-section elementor-element elementor-element-3534a16 elementor-hidden-mobile elementor-section-boxed elementor-section-height-default elementor-section-height-default\" data-id=\"3534a16\" data-element_type=\"section\" data-e-type=\"section\" data-settings=\"{&quot;jet_parallax_layout_list&quot;:[]}\">\n\t\t\t\t\t\t<div class=\"elementor-container elementor-column-gap-default\">\n\t\t\t\t\t<div class=\"elementor-column elementor-col-100 elementor-top-column elementor-element elementor-element-4656daa\" data-id=\"4656daa\" data-element_type=\"column\" data-e-type=\"column\">\n\t\t\t<div class=\"elementor-widget-wrap elementor-element-populated\">\n\t\t\t\t\t\t<div class=\"elementor-element elementor-element-99b877c elementor-widget elementor-widget-spacer\" data-id=\"99b877c\" data-element_type=\"widget\" data-e-type=\"widget\" data-widget_type=\"spacer.default\">\n\t\t\t\t<div class=\"elementor-widget-container\">\n\t\t\t\t\t\t\t<div class=\"elementor-spacer\">\n\t\t\t<div class=\"elementor-spacer-inner\"><\/div>\n\t\t<\/div>\n\t\t\t\t\t\t<\/div>\n\t\t\t\t<\/div>\n\t\t\t\t\t<\/div>\n\t\t<\/div>\n\t\t\t\t\t<\/div>\n\t\t<\/section>\n\t\t\t\t<\/div>\n\t\t","protected":false},"excerpt":{"rendered":"<p>WETTELIJKE WAARSCHUWING In overeenstemming met artikel 10 van Wet 34\/2002 van 11 juli op de diensten van de Society of Information and Electronic Commerce (LSSICE) worden de identificatiegegevens van het bedrijf hieronder beschreven: Bedrijfsnummer: Bedrijfsnaam: CAMPING RIFORT, SA NIF: A17205857 RMG: T309 L590 F179 H10330 Ins 1\u00aa Adres: CAMI VELL, 2 \u2013 17258 \u2013 L&#8217;ESTARTIT [&hellip;]<\/p>\n","protected":false},"author":1,"featured_media":0,"parent":0,"menu_order":0,"comment_status":"closed","ping_status":"closed","template":"elementor_header_footer","meta":{"footnotes":""},"class_list":["post-3278","page","type-page","status-publish","hentry"],"yoast_head":"<!-- This site is optimized with the Yoast SEO plugin v27.3 - https:\/\/yoast.com\/product\/yoast-seo-wordpress\/ -->\n<title>Wettelijke waarschuwing - C\u00e0mping Rifort<\/title>\n<meta name=\"robots\" content=\"index, follow, max-snippet:-1, max-image-preview:large, max-video-preview:-1\" \/>\n<link rel=\"canonical\" href=\"https:\/\/campingrifort.com\/nl\/wettelijke-waarschuwing\/\" \/>\n<meta property=\"og:locale\" content=\"nl_NL\" \/>\n<meta property=\"og:type\" content=\"article\" \/>\n<meta property=\"og:title\" content=\"Wettelijke waarschuwing - C\u00e0mping Rifort\" \/>\n<meta property=\"og:description\" content=\"WETTELIJKE WAARSCHUWING In overeenstemming met artikel 10 van Wet 34\/2002 van 11 juli op de diensten van de Society of Information and Electronic Commerce (LSSICE) worden de identificatiegegevens van het bedrijf hieronder beschreven: Bedrijfsnummer: Bedrijfsnaam: CAMPING RIFORT, SA NIF: A17205857 RMG: T309 L590 F179 H10330 Ins 1\u00aa Adres: CAMI VELL, 2 \u2013 17258 \u2013 L&#8217;ESTARTIT [&hellip;]\" \/>\n<meta property=\"og:url\" content=\"https:\/\/campingrifort.com\/nl\/wettelijke-waarschuwing\/\" \/>\n<meta property=\"og:site_name\" content=\"C\u00e0mping Rifort\" \/>\n<meta property=\"article:publisher\" content=\"https:\/\/www.facebook.com\/campingrifort\" \/>\n<meta property=\"article:modified_time\" content=\"2023-04-19T11:25:57+00:00\" \/>\n<meta name=\"twitter:card\" content=\"summary_large_image\" \/>\n<meta name=\"twitter:label1\" content=\"Geschatte leestijd\" \/>\n\t<meta name=\"twitter:data1\" content=\"2 minuten\" \/>\n<script type=\"application\/ld+json\" class=\"yoast-schema-graph\">{\"@context\":\"https:\\\/\\\/schema.org\",\"@graph\":[{\"@type\":\"WebPage\",\"@id\":\"https:\\\/\\\/campingrifort.com\\\/nl\\\/wettelijke-waarschuwing\\\/\",\"url\":\"https:\\\/\\\/campingrifort.com\\\/nl\\\/wettelijke-waarschuwing\\\/\",\"name\":\"Wettelijke waarschuwing - C\u00e0mping Rifort\",\"isPartOf\":{\"@id\":\"https:\\\/\\\/campingrifort.com\\\/nl\\\/#website\"},\"datePublished\":\"2023-01-16T12:25:25+00:00\",\"dateModified\":\"2023-04-19T11:25:57+00:00\",\"breadcrumb\":{\"@id\":\"https:\\\/\\\/campingrifort.com\\\/nl\\\/wettelijke-waarschuwing\\\/#breadcrumb\"},\"inLanguage\":\"nl-NL\",\"potentialAction\":[{\"@type\":\"ReadAction\",\"target\":[\"https:\\\/\\\/campingrifort.com\\\/nl\\\/wettelijke-waarschuwing\\\/\"]}]},{\"@type\":\"BreadcrumbList\",\"@id\":\"https:\\\/\\\/campingrifort.com\\\/nl\\\/wettelijke-waarschuwing\\\/#breadcrumb\",\"itemListElement\":[{\"@type\":\"ListItem\",\"position\":1,\"name\":\"Inici\",\"item\":\"https:\\\/\\\/campingrifort.com\\\/nl\\\/\"},{\"@type\":\"ListItem\",\"position\":2,\"name\":\"Wettelijke waarschuwing\"}]},{\"@type\":\"WebSite\",\"@id\":\"https:\\\/\\\/campingrifort.com\\\/nl\\\/#website\",\"url\":\"https:\\\/\\\/campingrifort.com\\\/nl\\\/\",\"name\":\"C\u00e0mping Rifort\",\"description\":\"El c\u00e0mping de tota la fam\u00edlia a l&#039;Estartit, Costa Brava\",\"publisher\":{\"@id\":\"https:\\\/\\\/campingrifort.com\\\/nl\\\/#organization\"},\"potentialAction\":[{\"@type\":\"SearchAction\",\"target\":{\"@type\":\"EntryPoint\",\"urlTemplate\":\"https:\\\/\\\/campingrifort.com\\\/nl\\\/?s={search_term_string}\"},\"query-input\":{\"@type\":\"PropertyValueSpecification\",\"valueRequired\":true,\"valueName\":\"search_term_string\"}}],\"inLanguage\":\"nl-NL\"},{\"@type\":\"Organization\",\"@id\":\"https:\\\/\\\/campingrifort.com\\\/nl\\\/#organization\",\"name\":\"C\u00e0mping Rifort\",\"url\":\"https:\\\/\\\/campingrifort.com\\\/nl\\\/\",\"logo\":{\"@type\":\"ImageObject\",\"inLanguage\":\"nl-NL\",\"@id\":\"https:\\\/\\\/campingrifort.com\\\/nl\\\/#\\\/schema\\\/logo\\\/image\\\/\",\"url\":\"https:\\\/\\\/campingrifort.com\\\/wp-content\\\/uploads\\\/2022\\\/11\\\/CAMPING-RIFORT-Logo.jpg\",\"contentUrl\":\"https:\\\/\\\/campingrifort.com\\\/wp-content\\\/uploads\\\/2022\\\/11\\\/CAMPING-RIFORT-Logo.jpg\",\"width\":350,\"height\":100,\"caption\":\"C\u00e0mping Rifort\"},\"image\":{\"@id\":\"https:\\\/\\\/campingrifort.com\\\/nl\\\/#\\\/schema\\\/logo\\\/image\\\/\"},\"sameAs\":[\"https:\\\/\\\/www.facebook.com\\\/campingrifort\",\"https:\\\/\\\/www.instagram.com\\\/campingrifort\\\/\"]}]}<\/script>\n<!-- \/ Yoast SEO plugin. -->","yoast_head_json":{"title":"Wettelijke waarschuwing - C\u00e0mping Rifort","robots":{"index":"index","follow":"follow","max-snippet":"max-snippet:-1","max-image-preview":"max-image-preview:large","max-video-preview":"max-video-preview:-1"},"canonical":"https:\/\/campingrifort.com\/nl\/wettelijke-waarschuwing\/","og_locale":"nl_NL","og_type":"article","og_title":"Wettelijke waarschuwing - C\u00e0mping Rifort","og_description":"WETTELIJKE WAARSCHUWING In overeenstemming met artikel 10 van Wet 34\/2002 van 11 juli op de diensten van de Society of Information and Electronic Commerce (LSSICE) worden de identificatiegegevens van het bedrijf hieronder beschreven: Bedrijfsnummer: Bedrijfsnaam: CAMPING RIFORT, SA NIF: A17205857 RMG: T309 L590 F179 H10330 Ins 1\u00aa Adres: CAMI VELL, 2 \u2013 17258 \u2013 L&#8217;ESTARTIT [&hellip;]","og_url":"https:\/\/campingrifort.com\/nl\/wettelijke-waarschuwing\/","og_site_name":"C\u00e0mping Rifort","article_publisher":"https:\/\/www.facebook.com\/campingrifort","article_modified_time":"2023-04-19T11:25:57+00:00","twitter_card":"summary_large_image","twitter_misc":{"Geschatte leestijd":"2 minuten"},"schema":{"@context":"https:\/\/schema.org","@graph":[{"@type":"WebPage","@id":"https:\/\/campingrifort.com\/nl\/wettelijke-waarschuwing\/","url":"https:\/\/campingrifort.com\/nl\/wettelijke-waarschuwing\/","name":"Wettelijke waarschuwing - C\u00e0mping Rifort","isPartOf":{"@id":"https:\/\/campingrifort.com\/nl\/#website"},"datePublished":"2023-01-16T12:25:25+00:00","dateModified":"2023-04-19T11:25:57+00:00","breadcrumb":{"@id":"https:\/\/campingrifort.com\/nl\/wettelijke-waarschuwing\/#breadcrumb"},"inLanguage":"nl-NL","potentialAction":[{"@type":"ReadAction","target":["https:\/\/campingrifort.com\/nl\/wettelijke-waarschuwing\/"]}]},{"@type":"BreadcrumbList","@id":"https:\/\/campingrifort.com\/nl\/wettelijke-waarschuwing\/#breadcrumb","itemListElement":[{"@type":"ListItem","position":1,"name":"Inici","item":"https:\/\/campingrifort.com\/nl\/"},{"@type":"ListItem","position":2,"name":"Wettelijke waarschuwing"}]},{"@type":"WebSite","@id":"https:\/\/campingrifort.com\/nl\/#website","url":"https:\/\/campingrifort.com\/nl\/","name":"C\u00e0mping Rifort","description":"El c\u00e0mping de tota la fam\u00edlia a l&#039;Estartit, Costa Brava","publisher":{"@id":"https:\/\/campingrifort.com\/nl\/#organization"},"potentialAction":[{"@type":"SearchAction","target":{"@type":"EntryPoint","urlTemplate":"https:\/\/campingrifort.com\/nl\/?s={search_term_string}"},"query-input":{"@type":"PropertyValueSpecification","valueRequired":true,"valueName":"search_term_string"}}],"inLanguage":"nl-NL"},{"@type":"Organization","@id":"https:\/\/campingrifort.com\/nl\/#organization","name":"C\u00e0mping Rifort","url":"https:\/\/campingrifort.com\/nl\/","logo":{"@type":"ImageObject","inLanguage":"nl-NL","@id":"https:\/\/campingrifort.com\/nl\/#\/schema\/logo\/image\/","url":"https:\/\/campingrifort.com\/wp-content\/uploads\/2022\/11\/CAMPING-RIFORT-Logo.jpg","contentUrl":"https:\/\/campingrifort.com\/wp-content\/uploads\/2022\/11\/CAMPING-RIFORT-Logo.jpg","width":350,"height":100,"caption":"C\u00e0mping Rifort"},"image":{"@id":"https:\/\/campingrifort.com\/nl\/#\/schema\/logo\/image\/"},"sameAs":["https:\/\/www.facebook.com\/campingrifort","https:\/\/www.instagram.com\/campingrifort\/"]}]}},"_links":{"self":[{"href":"https:\/\/campingrifort.com\/nl\/wp-json\/wp\/v2\/pages\/3278","targetHints":{"allow":["GET"]}}],"collection":[{"href":"https:\/\/campingrifort.com\/nl\/wp-json\/wp\/v2\/pages"}],"about":[{"href":"https:\/\/campingrifort.com\/nl\/wp-json\/wp\/v2\/types\/page"}],"author":[{"embeddable":true,"href":"https:\/\/campingrifort.com\/nl\/wp-json\/wp\/v2\/users\/1"}],"replies":[{"embeddable":true,"href":"https:\/\/campingrifort.com\/nl\/wp-json\/wp\/v2\/comments?post=3278"}],"version-history":[{"count":0,"href":"https:\/\/campingrifort.com\/nl\/wp-json\/wp\/v2\/pages\/3278\/revisions"}],"wp:attachment":[{"href":"https:\/\/campingrifort.com\/nl\/wp-json\/wp\/v2\/media?parent=3278"}],"curies":[{"name":"wp","href":"https:\/\/api.w.org\/{rel}","templated":true}]}}