{"id":3273,"date":"2023-01-16T13:21:45","date_gmt":"2023-01-16T12:21:45","guid":{"rendered":"https:\/\/campingrifort.com\/politique-de-cookies\/"},"modified":"2025-02-27T11:54:43","modified_gmt":"2025-02-27T10:54:43","slug":"politique-de-cookies","status":"publish","type":"page","link":"https:\/\/campingrifort.com\/fr\/politique-de-cookies\/","title":{"rendered":"Politique de cookies"},"content":{"rendered":"\t\t<div data-elementor-type=\"wp-page\" data-elementor-id=\"3273\" class=\"elementor elementor-3273 elementor-1597\" data-elementor-post-type=\"page\">\n\t\t\t\t\t\t<section class=\"elementor-section elementor-top-section elementor-element elementor-element-f14f18f elementor-section-boxed elementor-section-height-default elementor-section-height-default\" data-id=\"f14f18f\" data-element_type=\"section\" data-e-type=\"section\" data-settings=\"{&quot;jet_parallax_layout_list&quot;:[]}\">\n\t\t\t\t\t\t<div class=\"elementor-container elementor-column-gap-default\">\n\t\t\t\t\t<div class=\"elementor-column elementor-col-100 elementor-top-column elementor-element elementor-element-f5473d4\" data-id=\"f5473d4\" data-element_type=\"column\" data-e-type=\"column\">\n\t\t\t<div class=\"elementor-widget-wrap elementor-element-populated\">\n\t\t\t\t\t\t<div class=\"elementor-element elementor-element-b817bd7 elementor-widget elementor-widget-spacer\" data-id=\"b817bd7\" data-element_type=\"widget\" data-e-type=\"widget\" data-widget_type=\"spacer.default\">\n\t\t\t\t<div class=\"elementor-widget-container\">\n\t\t\t\t\t\t\t<div class=\"elementor-spacer\">\n\t\t\t<div class=\"elementor-spacer-inner\"><\/div>\n\t\t<\/div>\n\t\t\t\t\t\t<\/div>\n\t\t\t\t<\/div>\n\t\t\t\t<div class=\"elementor-element elementor-element-eda7f14 elementor-widget elementor-widget-heading\" data-id=\"eda7f14\" data-element_type=\"widget\" data-e-type=\"widget\" data-widget_type=\"heading.default\">\n\t\t\t\t<div class=\"elementor-widget-container\">\n\t\t\t\t\t<h2 class=\"elementor-heading-title elementor-size-default\">POLITIQUE DE COOKIES<\/h2>\t\t\t\t<\/div>\n\t\t\t\t<\/div>\n\t\t\t\t<div class=\"elementor-element elementor-element-fea5a35 elementor-widget elementor-widget-spacer\" data-id=\"fea5a35\" data-element_type=\"widget\" data-e-type=\"widget\" data-widget_type=\"spacer.default\">\n\t\t\t\t<div class=\"elementor-widget-container\">\n\t\t\t\t\t\t\t<div class=\"elementor-spacer\">\n\t\t\t<div class=\"elementor-spacer-inner\"><\/div>\n\t\t<\/div>\n\t\t\t\t\t\t<\/div>\n\t\t\t\t<\/div>\n\t\t\t\t\t<\/div>\n\t\t<\/div>\n\t\t\t\t\t<\/div>\n\t\t<\/section>\n\t\t\t\t<section class=\"elementor-section elementor-top-section elementor-element elementor-element-b0cd195 elementor-section-boxed elementor-section-height-default elementor-section-height-default\" data-id=\"b0cd195\" data-element_type=\"section\" data-e-type=\"section\" data-settings=\"{&quot;jet_parallax_layout_list&quot;:[]}\">\n\t\t\t\t\t\t<div class=\"elementor-container elementor-column-gap-default\">\n\t\t\t\t\t<div class=\"elementor-column elementor-col-100 elementor-top-column elementor-element elementor-element-6b0cf07\" data-id=\"6b0cf07\" data-element_type=\"column\" data-e-type=\"column\">\n\t\t\t<div class=\"elementor-widget-wrap elementor-element-populated\">\n\t\t\t\t\t\t<div class=\"elementor-element elementor-element-99b6da8 elementor-widget elementor-widget-text-editor\" data-id=\"99b6da8\" data-element_type=\"widget\" data-e-type=\"widget\" data-widget_type=\"text-editor.default\">\n\t\t\t\t<div class=\"elementor-widget-container\">\n\t\t\t\t\t\t\t\t\t<p>CAMPING RIFORT, SA (), \u00e0 travers ce document, inclut sa politique de collecte et de traitement des cookies, conform\u00e9ment aux dispositions de l&rsquo;article 22.2 de la loi 34\/2002 du 11 juillet sur les services de la soci\u00e9t\u00e9 de l&rsquo;information et du commerce \u00e9lectronique (LSSICE).<\/p>\n<p>Les cookies sont stock\u00e9s dans l&rsquo;\u00e9quipement terminal de l&rsquo;utilisateur (ordinateur ou appareil mobile) et collectent des informations lors de la visite du site www.campingrifort.com, dans le but d&rsquo;am\u00e9liorer sa convivialit\u00e9, de conna\u00eetre les habitudes ou les besoins de navigation des utilisateurs pour pouvoir s&rsquo;adapter \u00e0 eux, ainsi que pour obtenir des informations \u00e0 des fins statistiques. Dans le cas des utilisateurs d\u00e9j\u00e0 clients de CAMPING RIFORT, SA (), les informations collect\u00e9es avec les cookies serviront \u00e9galement \u00e0 leur identification lors de l&rsquo;acc\u00e8s aux diff\u00e9rents outils que CAMPING RIFORT, SA () met \u00e0 disposition pour la gestion des services.<\/p>\n<p>Cette politique de cookies s&rsquo;appliquera aux utilisateurs qui visitent volontairement les pages Web de CAMPING RIFORT, SA (), remplissent des formulaires de collecte de donn\u00e9es, acc\u00e8dent aux outils que CAMPING RIFORT, SA () met \u00e0 la disposition de ses clients pour g\u00e9rer leurs services, ou utilisent tout autre service pr\u00e9sent sur le site Web qui implique la communication de donn\u00e9es \u00e0 CAMPING RIFORT, SA (), ou l&rsquo;acc\u00e8s aux donn\u00e9es par CAMPING RIFORT, SA (), pour la fourniture de leurs services.<\/p>\n<p>CAMPING RIFORT, SA () informe les utilisateurs de ses pages Web de l&rsquo;existence de cookies et met \u00e0 leur disposition la pr\u00e9sente Politique afin de les informer de l&rsquo;utilisation et de la finalit\u00e9 de ceux-ci. Le fait de continuer \u00e0 naviguer sur ses pages implique la connaissance et l&rsquo;acceptation de la pr\u00e9sente Politique de la part desdits utilisateurs.<\/p>\n<p>CAMPING RIFORT, SA () utilise les types de cookies suivants :<\/p>\n<p>Class\u00e9 par propri\u00e9taire :<\/p>\n<p>* Cookies propres : envoy\u00e9s et g\u00e9r\u00e9s directement par CAMPING RIFORT, SA.<\/p>\n<p>* Cookies tiers : envoy\u00e9s et g\u00e9r\u00e9s par un tiers ext\u00e9rieur \u00e0 CAMPING RIFORT, SA, de mani\u00e8re anonyme, dans le but de r\u00e9aliser des \u00e9tudes statistiques de navigation sur les pages web de CAMPING RIFORT, SA.<\/p>\n<p>Class\u00e9 par objectif :<\/p>\n<p>* Cookies techniques et\/ou de personnalisation : ils facilitent la navigation, en identifiant la session, permettant l&rsquo;acc\u00e8s aux outils \u00e0 acc\u00e8s restreint, ainsi que la personnalisation des options disponibles. Ils permettent la fourniture du service pr\u00e9alablement demand\u00e9 par l&rsquo;utilisateur.<\/p>\n<p>* Cookies analytiques et\/ou publicitaires : ils permettent de conna\u00eetre le nombre de visites re\u00e7ues dans les diff\u00e9rentes rubriques des pages web, les habitudes et tendances de leurs utilisateurs et par cons\u00e9quent, de pouvoir am\u00e9liorer la navigation et le service propos\u00e9 par CAMPING RIFORT, SA (essentiellement, Google Analytics), ainsi que g\u00e9rer les espaces publicitaires inclus dans la page Web visit\u00e9e par l&rsquo;utilisateur. Il collecte des donn\u00e9es de mani\u00e8re anonyme afin d&rsquo;obtenir des profils de navigation des utilisateurs.<\/p>\n<p>Class\u00e9 par dur\u00e9e :<\/p>\n<p>* Cookies de session : collectent et stockent des donn\u00e9es pendant que l&rsquo;utilisateur acc\u00e8de \u00e0 la page Web.<\/p>\n<p>* Cookies persistants : collectent et stockent des donn\u00e9es sur le terminal de l&rsquo;utilisateur pendant une dur\u00e9e variable en fonction de la finalit\u00e9 pour laquelle elles ont \u00e9t\u00e9 utilis\u00e9es.<\/p>\n<p>La dur\u00e9e de conservation des cookies d\u00e9pendra du type en question et sera toujours le minimum n\u00e9cessaire pour remplir son objectif.<\/p>\n<p>Dans tous les cas, les utilisateurs peuvent configurer leur navigateur de mani\u00e8re \u00e0 ce qu&rsquo;il d\u00e9sactive ou bloque la r\u00e9ception de tout ou partie des cookies. Le fait que vous ne souhaitiez pas recevoir ces cookies ne constitue pas un obstacle pour pouvoir acc\u00e9der aux informations sur les sites Web de CAMPING RIFORT, SA bien que l&rsquo;utilisation de certains services puisse \u00eatre limit\u00e9e. Si, une fois le consentement \u00e0 la r\u00e9ception de cookies accord\u00e9, il est souhait\u00e9 de le retirer, ceux stock\u00e9s sur l&rsquo;ordinateur de l&rsquo;utilisateur doivent \u00eatre supprim\u00e9s, via les options des diff\u00e9rents navigateurs.<\/p>\n<p>La mani\u00e8re de configurer les diff\u00e9rents navigateurs pour effectuer les actions indiqu\u00e9es dans les paragraphes pr\u00e9c\u00e9dents peut \u00eatre consult\u00e9e dans :<\/p>\n<p>* Explorateur : http:\/\/windows.microsoft.com\/es-es\/windows7\/how-to-manage-cookies-in-internet-explorer-9<\/p>\n<p>*&nbsp;Chrome&nbsp;: https:\/\/support.google.com\/chrome\/answer\/95647?hl=es<\/p>\n<p>* Firefox : http:\/\/support.mozilla.org\/es\/kb\/cookies-informacion-que-los-sitios-web-guardan-en-?redirectlocale=en-US&amp;redirectslug=Cookies<\/p>\n<p>_______________________________<\/p>\n<p>Autres donn\u00e9es \u00e0 inclure sur le site Web en fonction du service ou du produit propos\u00e9 par la soci\u00e9t\u00e9 :<\/p>\n<p>&#8211; Codes de conduite auxquels ils adh\u00e8rent.<\/p>\n<p>\u2013 Donn\u00e9es relatives \u00e0 l&rsquo;autorisation administrative n\u00e9cessaire \u00e0 l&rsquo;exercice de l&rsquo;activit\u00e9.<\/p>\n<p>\u2013 Donn\u00e9es d&rsquo;association et titre acad\u00e9mique des professionnels qui exercent une activit\u00e9 r\u00e9glement\u00e9e.<\/p>\n<p>\u2013 Informations compl\u00e9mentaires lors de l&rsquo;acc\u00e8s au service au moyen d&rsquo;un num\u00e9ro de t\u00e9l\u00e9phone tarifaire compl\u00e9mentaire.<\/p>\n<p>&#8211; Si vous concluez \u00e9galement des contrats en ligne, vous devez ajouter les informations suivantes avant le processus de contractualisation&nbsp;:<\/p>\n<p>* Proc\u00e9dures \u00e0 suivre pour embaucher en ligne.<\/p>\n<p>* Si le document \u00e9lectronique du contrat sera archiv\u00e9 et s&rsquo;il sera accessible.<\/p>\n<p>* Moyens techniques pour identifier et corriger les erreurs dans la saisie des donn\u00e9es.<\/p>\n<p>* Langue ou langues dans lesquelles le contrat peut \u00eatre formalis\u00e9.<\/p>\n<p>* Conditions g\u00e9n\u00e9rales auxquelles, le cas \u00e9ch\u00e9ant, le contrat est soumis.<\/p>\n<p>* Confirmer la conclusion du contrat par voie \u00e9lectronique, en envoyant un accus\u00e9 de r\u00e9ception de la commande effectu\u00e9e.<\/p>\n\t\t\t\t\t\t\t\t<\/div>\n\t\t\t\t<\/div>\n\t\t\t\t\t<\/div>\n\t\t<\/div>\n\t\t\t\t\t<\/div>\n\t\t<\/section>\n\t\t\t\t<section class=\"elementor-section elementor-top-section elementor-element elementor-element-56b2c0e elementor-section-boxed elementor-section-height-default elementor-section-height-default\" data-id=\"56b2c0e\" data-element_type=\"section\" data-e-type=\"section\" data-settings=\"{&quot;jet_parallax_layout_list&quot;:[],&quot;background_background&quot;:&quot;classic&quot;}\">\n\t\t\t\t\t\t<div class=\"elementor-container elementor-column-gap-default\">\n\t\t\t\t\t<div class=\"elementor-column elementor-col-100 elementor-top-column elementor-element elementor-element-e70e2c2\" data-id=\"e70e2c2\" data-element_type=\"column\" data-e-type=\"column\">\n\t\t\t<div class=\"elementor-widget-wrap elementor-element-populated\">\n\t\t\t\t\t\t<div class=\"elementor-element elementor-element-b5ec8c0 elementor-widget-divider--view-line elementor-widget elementor-widget-divider\" data-id=\"b5ec8c0\" data-element_type=\"widget\" data-e-type=\"widget\" data-widget_type=\"divider.default\">\n\t\t\t\t<div class=\"elementor-widget-container\">\n\t\t\t\t\t\t\t<div class=\"elementor-divider\">\n\t\t\t<span class=\"elementor-divider-separator\">\n\t\t\t\t\t\t<\/span>\n\t\t<\/div>\n\t\t\t\t\t\t<\/div>\n\t\t\t\t<\/div>\n\t\t\t\t\t<\/div>\n\t\t<\/div>\n\t\t\t\t\t<\/div>\n\t\t<\/section>\n\t\t\t\t<section class=\"elementor-section elementor-top-section elementor-element elementor-element-50cfd26 elementor-section-boxed elementor-section-height-default elementor-section-height-default\" data-id=\"50cfd26\" data-element_type=\"section\" data-e-type=\"section\" data-settings=\"{&quot;jet_parallax_layout_list&quot;:[]}\">\n\t\t\t\t\t\t<div class=\"elementor-container elementor-column-gap-default\">\n\t\t\t\t\t<div class=\"elementor-column elementor-col-50 elementor-top-column elementor-element elementor-element-8c14aa1\" data-id=\"8c14aa1\" data-element_type=\"column\" data-e-type=\"column\">\n\t\t\t<div class=\"elementor-widget-wrap elementor-element-populated\">\n\t\t\t\t\t\t<div class=\"elementor-element elementor-element-9909588 elementor-align-center elementor-mobile-align-justify elementor-invisible elementor-widget elementor-widget-button\" data-id=\"9909588\" data-element_type=\"widget\" data-e-type=\"widget\" data-settings=\"{&quot;_animation&quot;:&quot;zoomIn&quot;,&quot;_animation_delay&quot;:300}\" data-widget_type=\"button.default\">\n\t\t\t\t<div class=\"elementor-widget-container\">\n\t\t\t\t\t\t\t\t\t<div class=\"elementor-button-wrapper\">\n\t\t\t\t\t<a class=\"elementor-button elementor-button-link elementor-size-sm\" href=\"https:\/\/campingrifort.com\/fr\/avertissement-legal\/\">\n\t\t\t\t\t\t<span class=\"elementor-button-content-wrapper\">\n\t\t\t\t\t\t\t\t\t<span class=\"elementor-button-text\">AVERTISSEMENT JURIDIQUE<\/span>\n\t\t\t\t\t<\/span>\n\t\t\t\t\t<\/a>\n\t\t\t\t<\/div>\n\t\t\t\t\t\t\t\t<\/div>\n\t\t\t\t<\/div>\n\t\t\t\t\t<\/div>\n\t\t<\/div>\n\t\t\t\t<div class=\"elementor-column elementor-col-50 elementor-top-column elementor-element elementor-element-0cef243\" data-id=\"0cef243\" data-element_type=\"column\" data-e-type=\"column\">\n\t\t\t<div class=\"elementor-widget-wrap elementor-element-populated\">\n\t\t\t\t\t\t<div class=\"elementor-element elementor-element-a464126 elementor-align-center elementor-mobile-align-justify elementor-invisible elementor-widget elementor-widget-button\" data-id=\"a464126\" data-element_type=\"widget\" data-e-type=\"widget\" data-settings=\"{&quot;_animation&quot;:&quot;zoomIn&quot;,&quot;_animation_delay&quot;:300}\" data-widget_type=\"button.default\">\n\t\t\t\t<div class=\"elementor-widget-container\">\n\t\t\t\t\t\t\t\t\t<div class=\"elementor-button-wrapper\">\n\t\t\t\t\t<a class=\"elementor-button elementor-button-link elementor-size-sm\" href=\"https:\/\/campingrifort.com\/fr\/politique-de-confidentialite\/\">\n\t\t\t\t\t\t<span class=\"elementor-button-content-wrapper\">\n\t\t\t\t\t\t\t\t\t<span class=\"elementor-button-text\">POLITIQUE DE CONFIDENTIALIT\u00c9<\/span>\n\t\t\t\t\t<\/span>\n\t\t\t\t\t<\/a>\n\t\t\t\t<\/div>\n\t\t\t\t\t\t\t\t<\/div>\n\t\t\t\t<\/div>\n\t\t\t\t\t<\/div>\n\t\t<\/div>\n\t\t\t\t\t<\/div>\n\t\t<\/section>\n\t\t\t\t<section class=\"elementor-section elementor-top-section elementor-element elementor-element-1dbe27d elementor-hidden-mobile elementor-section-boxed elementor-section-height-default elementor-section-height-default\" data-id=\"1dbe27d\" data-element_type=\"section\" data-e-type=\"section\" data-settings=\"{&quot;jet_parallax_layout_list&quot;:[]}\">\n\t\t\t\t\t\t<div class=\"elementor-container elementor-column-gap-default\">\n\t\t\t\t\t<div class=\"elementor-column elementor-col-100 elementor-top-column elementor-element elementor-element-6e3bcf0\" data-id=\"6e3bcf0\" data-element_type=\"column\" data-e-type=\"column\">\n\t\t\t<div class=\"elementor-widget-wrap elementor-element-populated\">\n\t\t\t\t\t\t<div class=\"elementor-element elementor-element-5bbd805 elementor-hidden-mobile elementor-widget elementor-widget-spacer\" data-id=\"5bbd805\" data-element_type=\"widget\" data-e-type=\"widget\" data-widget_type=\"spacer.default\">\n\t\t\t\t<div class=\"elementor-widget-container\">\n\t\t\t\t\t\t\t<div class=\"elementor-spacer\">\n\t\t\t<div class=\"elementor-spacer-inner\"><\/div>\n\t\t<\/div>\n\t\t\t\t\t\t<\/div>\n\t\t\t\t<\/div>\n\t\t\t\t\t<\/div>\n\t\t<\/div>\n\t\t\t\t\t<\/div>\n\t\t<\/section>\n\t\t\t\t<\/div>\n\t\t","protected":false},"excerpt":{"rendered":"<p>POLITIQUE DE COOKIES CAMPING RIFORT, SA (), \u00e0 travers ce document, inclut sa politique de collecte et de traitement des cookies, conform\u00e9ment aux dispositions de l&rsquo;article 22.2 de la loi 34\/2002 du 11 juillet sur les services de la soci\u00e9t\u00e9 de l&rsquo;information et du commerce \u00e9lectronique (LSSICE). Les cookies sont stock\u00e9s dans l&rsquo;\u00e9quipement terminal de [&hellip;]<\/p>\n","protected":false},"author":1,"featured_media":0,"parent":0,"menu_order":0,"comment_status":"closed","ping_status":"closed","template":"elementor_header_footer","meta":{"footnotes":""},"class_list":["post-3273","page","type-page","status-publish","hentry"],"yoast_head":"<!-- This site is optimized with the Yoast SEO plugin v27.3 - https:\/\/yoast.com\/product\/yoast-seo-wordpress\/ -->\n<title>Politique de cookies - C\u00e0mping Rifort<\/title>\n<meta name=\"robots\" content=\"index, follow, max-snippet:-1, max-image-preview:large, max-video-preview:-1\" \/>\n<link rel=\"canonical\" href=\"https:\/\/campingrifort.com\/fr\/politique-de-cookies\/\" \/>\n<meta property=\"og:locale\" content=\"fr_FR\" \/>\n<meta property=\"og:type\" content=\"article\" \/>\n<meta property=\"og:title\" content=\"Politique de cookies - C\u00e0mping Rifort\" \/>\n<meta property=\"og:description\" content=\"POLITIQUE DE COOKIES CAMPING RIFORT, SA (), \u00e0 travers ce document, inclut sa politique de collecte et de traitement des cookies, conform\u00e9ment aux dispositions de l&rsquo;article 22.2 de la loi 34\/2002 du 11 juillet sur les services de la soci\u00e9t\u00e9 de l&rsquo;information et du commerce \u00e9lectronique (LSSICE). Les cookies sont stock\u00e9s dans l&rsquo;\u00e9quipement terminal de [&hellip;]\" \/>\n<meta property=\"og:url\" content=\"https:\/\/campingrifort.com\/fr\/politique-de-cookies\/\" \/>\n<meta property=\"og:site_name\" content=\"C\u00e0mping Rifort\" \/>\n<meta property=\"article:publisher\" content=\"https:\/\/www.facebook.com\/campingrifort\" \/>\n<meta property=\"article:modified_time\" content=\"2025-02-27T10:54:43+00:00\" \/>\n<meta name=\"twitter:card\" content=\"summary_large_image\" \/>\n<meta name=\"twitter:label1\" content=\"Dur\u00e9e de lecture estim\u00e9e\" \/>\n\t<meta name=\"twitter:data1\" content=\"4 minutes\" \/>\n<script type=\"application\/ld+json\" class=\"yoast-schema-graph\">{\"@context\":\"https:\\\/\\\/schema.org\",\"@graph\":[{\"@type\":\"WebPage\",\"@id\":\"https:\\\/\\\/campingrifort.com\\\/fr\\\/politique-de-cookies\\\/\",\"url\":\"https:\\\/\\\/campingrifort.com\\\/fr\\\/politique-de-cookies\\\/\",\"name\":\"Politique de cookies - C\u00e0mping Rifort\",\"isPartOf\":{\"@id\":\"https:\\\/\\\/campingrifort.com\\\/fr\\\/#website\"},\"datePublished\":\"2023-01-16T12:21:45+00:00\",\"dateModified\":\"2025-02-27T10:54:43+00:00\",\"breadcrumb\":{\"@id\":\"https:\\\/\\\/campingrifort.com\\\/fr\\\/politique-de-cookies\\\/#breadcrumb\"},\"inLanguage\":\"fr-FR\",\"potentialAction\":[{\"@type\":\"ReadAction\",\"target\":[\"https:\\\/\\\/campingrifort.com\\\/fr\\\/politique-de-cookies\\\/\"]}]},{\"@type\":\"BreadcrumbList\",\"@id\":\"https:\\\/\\\/campingrifort.com\\\/fr\\\/politique-de-cookies\\\/#breadcrumb\",\"itemListElement\":[{\"@type\":\"ListItem\",\"position\":1,\"name\":\"Inici\",\"item\":\"https:\\\/\\\/campingrifort.com\\\/fr\\\/\"},{\"@type\":\"ListItem\",\"position\":2,\"name\":\"Politique de cookies\"}]},{\"@type\":\"WebSite\",\"@id\":\"https:\\\/\\\/campingrifort.com\\\/fr\\\/#website\",\"url\":\"https:\\\/\\\/campingrifort.com\\\/fr\\\/\",\"name\":\"C\u00e0mping Rifort\",\"description\":\"El c\u00e0mping de tota la fam\u00edlia a l&#039;Estartit, Costa Brava\",\"publisher\":{\"@id\":\"https:\\\/\\\/campingrifort.com\\\/fr\\\/#organization\"},\"potentialAction\":[{\"@type\":\"SearchAction\",\"target\":{\"@type\":\"EntryPoint\",\"urlTemplate\":\"https:\\\/\\\/campingrifort.com\\\/fr\\\/?s={search_term_string}\"},\"query-input\":{\"@type\":\"PropertyValueSpecification\",\"valueRequired\":true,\"valueName\":\"search_term_string\"}}],\"inLanguage\":\"fr-FR\"},{\"@type\":\"Organization\",\"@id\":\"https:\\\/\\\/campingrifort.com\\\/fr\\\/#organization\",\"name\":\"C\u00e0mping Rifort\",\"url\":\"https:\\\/\\\/campingrifort.com\\\/fr\\\/\",\"logo\":{\"@type\":\"ImageObject\",\"inLanguage\":\"fr-FR\",\"@id\":\"https:\\\/\\\/campingrifort.com\\\/fr\\\/#\\\/schema\\\/logo\\\/image\\\/\",\"url\":\"https:\\\/\\\/campingrifort.com\\\/wp-content\\\/uploads\\\/2022\\\/11\\\/CAMPING-RIFORT-Logo.jpg\",\"contentUrl\":\"https:\\\/\\\/campingrifort.com\\\/wp-content\\\/uploads\\\/2022\\\/11\\\/CAMPING-RIFORT-Logo.jpg\",\"width\":350,\"height\":100,\"caption\":\"C\u00e0mping Rifort\"},\"image\":{\"@id\":\"https:\\\/\\\/campingrifort.com\\\/fr\\\/#\\\/schema\\\/logo\\\/image\\\/\"},\"sameAs\":[\"https:\\\/\\\/www.facebook.com\\\/campingrifort\",\"https:\\\/\\\/www.instagram.com\\\/campingrifort\\\/\"]}]}<\/script>\n<!-- \/ Yoast SEO plugin. -->","yoast_head_json":{"title":"Politique de cookies - C\u00e0mping Rifort","robots":{"index":"index","follow":"follow","max-snippet":"max-snippet:-1","max-image-preview":"max-image-preview:large","max-video-preview":"max-video-preview:-1"},"canonical":"https:\/\/campingrifort.com\/fr\/politique-de-cookies\/","og_locale":"fr_FR","og_type":"article","og_title":"Politique de cookies - C\u00e0mping Rifort","og_description":"POLITIQUE DE COOKIES CAMPING RIFORT, SA (), \u00e0 travers ce document, inclut sa politique de collecte et de traitement des cookies, conform\u00e9ment aux dispositions de l&rsquo;article 22.2 de la loi 34\/2002 du 11 juillet sur les services de la soci\u00e9t\u00e9 de l&rsquo;information et du commerce \u00e9lectronique (LSSICE). Les cookies sont stock\u00e9s dans l&rsquo;\u00e9quipement terminal de [&hellip;]","og_url":"https:\/\/campingrifort.com\/fr\/politique-de-cookies\/","og_site_name":"C\u00e0mping Rifort","article_publisher":"https:\/\/www.facebook.com\/campingrifort","article_modified_time":"2025-02-27T10:54:43+00:00","twitter_card":"summary_large_image","twitter_misc":{"Dur\u00e9e de lecture estim\u00e9e":"4 minutes"},"schema":{"@context":"https:\/\/schema.org","@graph":[{"@type":"WebPage","@id":"https:\/\/campingrifort.com\/fr\/politique-de-cookies\/","url":"https:\/\/campingrifort.com\/fr\/politique-de-cookies\/","name":"Politique de cookies - C\u00e0mping Rifort","isPartOf":{"@id":"https:\/\/campingrifort.com\/fr\/#website"},"datePublished":"2023-01-16T12:21:45+00:00","dateModified":"2025-02-27T10:54:43+00:00","breadcrumb":{"@id":"https:\/\/campingrifort.com\/fr\/politique-de-cookies\/#breadcrumb"},"inLanguage":"fr-FR","potentialAction":[{"@type":"ReadAction","target":["https:\/\/campingrifort.com\/fr\/politique-de-cookies\/"]}]},{"@type":"BreadcrumbList","@id":"https:\/\/campingrifort.com\/fr\/politique-de-cookies\/#breadcrumb","itemListElement":[{"@type":"ListItem","position":1,"name":"Inici","item":"https:\/\/campingrifort.com\/fr\/"},{"@type":"ListItem","position":2,"name":"Politique de cookies"}]},{"@type":"WebSite","@id":"https:\/\/campingrifort.com\/fr\/#website","url":"https:\/\/campingrifort.com\/fr\/","name":"C\u00e0mping Rifort","description":"El c\u00e0mping de tota la fam\u00edlia a l&#039;Estartit, Costa Brava","publisher":{"@id":"https:\/\/campingrifort.com\/fr\/#organization"},"potentialAction":[{"@type":"SearchAction","target":{"@type":"EntryPoint","urlTemplate":"https:\/\/campingrifort.com\/fr\/?s={search_term_string}"},"query-input":{"@type":"PropertyValueSpecification","valueRequired":true,"valueName":"search_term_string"}}],"inLanguage":"fr-FR"},{"@type":"Organization","@id":"https:\/\/campingrifort.com\/fr\/#organization","name":"C\u00e0mping Rifort","url":"https:\/\/campingrifort.com\/fr\/","logo":{"@type":"ImageObject","inLanguage":"fr-FR","@id":"https:\/\/campingrifort.com\/fr\/#\/schema\/logo\/image\/","url":"https:\/\/campingrifort.com\/wp-content\/uploads\/2022\/11\/CAMPING-RIFORT-Logo.jpg","contentUrl":"https:\/\/campingrifort.com\/wp-content\/uploads\/2022\/11\/CAMPING-RIFORT-Logo.jpg","width":350,"height":100,"caption":"C\u00e0mping Rifort"},"image":{"@id":"https:\/\/campingrifort.com\/fr\/#\/schema\/logo\/image\/"},"sameAs":["https:\/\/www.facebook.com\/campingrifort","https:\/\/www.instagram.com\/campingrifort\/"]}]}},"_links":{"self":[{"href":"https:\/\/campingrifort.com\/fr\/wp-json\/wp\/v2\/pages\/3273","targetHints":{"allow":["GET"]}}],"collection":[{"href":"https:\/\/campingrifort.com\/fr\/wp-json\/wp\/v2\/pages"}],"about":[{"href":"https:\/\/campingrifort.com\/fr\/wp-json\/wp\/v2\/types\/page"}],"author":[{"embeddable":true,"href":"https:\/\/campingrifort.com\/fr\/wp-json\/wp\/v2\/users\/1"}],"replies":[{"embeddable":true,"href":"https:\/\/campingrifort.com\/fr\/wp-json\/wp\/v2\/comments?post=3273"}],"version-history":[{"count":1,"href":"https:\/\/campingrifort.com\/fr\/wp-json\/wp\/v2\/pages\/3273\/revisions"}],"predecessor-version":[{"id":5194,"href":"https:\/\/campingrifort.com\/fr\/wp-json\/wp\/v2\/pages\/3273\/revisions\/5194"}],"wp:attachment":[{"href":"https:\/\/campingrifort.com\/fr\/wp-json\/wp\/v2\/media?parent=3273"}],"curies":[{"name":"wp","href":"https:\/\/api.w.org\/{rel}","templated":true}]}}