{"id":3266,"date":"2023-01-16T13:21:45","date_gmt":"2023-01-16T12:21:45","guid":{"rendered":"https:\/\/campingrifort.com\/politica-de-cookies\/"},"modified":"2023-04-19T13:25:57","modified_gmt":"2023-04-19T11:25:57","slug":"politica-de-cookies","status":"publish","type":"page","link":"https:\/\/campingrifort.com\/es\/politica-de-cookies\/","title":{"rendered":"Pol\u00edtica de Cookies"},"content":{"rendered":"\t\t<div data-elementor-type=\"wp-page\" data-elementor-id=\"3266\" class=\"elementor elementor-3266 elementor-1597\" data-elementor-post-type=\"page\">\n\t\t\t\t\t\t<section class=\"elementor-section elementor-top-section elementor-element elementor-element-f14f18f elementor-section-boxed elementor-section-height-default elementor-section-height-default\" data-id=\"f14f18f\" data-element_type=\"section\" data-e-type=\"section\" data-settings=\"{&quot;jet_parallax_layout_list&quot;:[]}\">\n\t\t\t\t\t\t<div class=\"elementor-container elementor-column-gap-default\">\n\t\t\t\t\t<div class=\"elementor-column elementor-col-100 elementor-top-column elementor-element elementor-element-f5473d4\" data-id=\"f5473d4\" data-element_type=\"column\" data-e-type=\"column\">\n\t\t\t<div class=\"elementor-widget-wrap elementor-element-populated\">\n\t\t\t\t\t\t<div class=\"elementor-element elementor-element-b817bd7 elementor-widget elementor-widget-spacer\" data-id=\"b817bd7\" data-element_type=\"widget\" data-e-type=\"widget\" data-widget_type=\"spacer.default\">\n\t\t\t\t<div class=\"elementor-widget-container\">\n\t\t\t\t\t\t\t<div class=\"elementor-spacer\">\n\t\t\t<div class=\"elementor-spacer-inner\"><\/div>\n\t\t<\/div>\n\t\t\t\t\t\t<\/div>\n\t\t\t\t<\/div>\n\t\t\t\t<div class=\"elementor-element elementor-element-eda7f14 elementor-widget elementor-widget-heading\" data-id=\"eda7f14\" data-element_type=\"widget\" data-e-type=\"widget\" data-widget_type=\"heading.default\">\n\t\t\t\t<div class=\"elementor-widget-container\">\n\t\t\t\t\t<h2 class=\"elementor-heading-title elementor-size-default\">POL\u00cdTICA DE COOKIES<\/h2>\t\t\t\t<\/div>\n\t\t\t\t<\/div>\n\t\t\t\t<div class=\"elementor-element elementor-element-fea5a35 elementor-widget elementor-widget-spacer\" data-id=\"fea5a35\" data-element_type=\"widget\" data-e-type=\"widget\" data-widget_type=\"spacer.default\">\n\t\t\t\t<div class=\"elementor-widget-container\">\n\t\t\t\t\t\t\t<div class=\"elementor-spacer\">\n\t\t\t<div class=\"elementor-spacer-inner\"><\/div>\n\t\t<\/div>\n\t\t\t\t\t\t<\/div>\n\t\t\t\t<\/div>\n\t\t\t\t\t<\/div>\n\t\t<\/div>\n\t\t\t\t\t<\/div>\n\t\t<\/section>\n\t\t\t\t<section class=\"elementor-section elementor-top-section elementor-element elementor-element-b0cd195 elementor-section-boxed elementor-section-height-default elementor-section-height-default\" data-id=\"b0cd195\" data-element_type=\"section\" data-e-type=\"section\" data-settings=\"{&quot;jet_parallax_layout_list&quot;:[]}\">\n\t\t\t\t\t\t<div class=\"elementor-container elementor-column-gap-default\">\n\t\t\t\t\t<div class=\"elementor-column elementor-col-100 elementor-top-column elementor-element elementor-element-6b0cf07\" data-id=\"6b0cf07\" data-element_type=\"column\" data-e-type=\"column\">\n\t\t\t<div class=\"elementor-widget-wrap elementor-element-populated\">\n\t\t\t\t\t\t<div class=\"elementor-element elementor-element-99b6da8 elementor-widget elementor-widget-text-editor\" data-id=\"99b6da8\" data-element_type=\"widget\" data-e-type=\"widget\" data-widget_type=\"text-editor.default\">\n\t\t\t\t<div class=\"elementor-widget-container\">\n\t\t\t\t\t\t\t\t\t<p>CAMPING RIFORT, SA (), a trav\u00e9s del presente documento, recoge su Pol\u00edtica de recogida y tratamiento de cookies, en cumplimiento de lo dispuesto en el art\u00edculo 22.2 de la Ley 34\/2002, de 11 de julio, de Servicios de la Sociedad de la Informaci\u00f3n y de Comercio Electr\u00f3nico (LSSICE).<\/p>\n<p>Las cookies se almacenan en el equipo terminal del usuario (ordenador o dispositivo m\u00f3vil) y recopilan informaci\u00f3n al visitar la p\u00e1gina web www.campingrifort.com, con la finalidad de mejorar la usabilidad de las mismas, conocer los h\u00e1bitos o necesidades de navegaci\u00f3n de los usuarios para poder adaptarse a los mismos, as\u00ed como obtener informaci\u00f3n con fines estad\u00edsticos. En el caso de aquellos usuarios que ya sean clientes de CAMPING RIFORT, SA (), la informaci\u00f3n recabada con las cookies servir\u00e1 tambi\u00e9n para su identificaci\u00f3n al acceder a las distintas herramientas que CAMPING RIFORT, SA () pone a su disposici\u00f3n para la gesti\u00f3n de los servicios.<\/p>\n<p>La presente Pol\u00edtica de Cookies ser\u00e1 de aplicaci\u00f3n a aquellos usuarios que voluntariamente visiten las p\u00e1ginas web de CAMPING RIFORT, SA (), cumplimentan formularios de recogida de datos, acceden a las herramientas que CAMPING RIFORT, SA () pondr\u00e1 a disposici\u00f3n de sus clientes para gestionar sus servicios, o utilizan cualquier otro servicio presente en el sitio web que implique la comunicaci\u00f3n de datos a CAMPING RIFORT, SA (), o el acceso a datos por CAMPING RIFORT, SA (), para la prestaci\u00f3n de sus servicios.<\/p>\n<p>CAMPING RIFORT, SA () informa a los usuarios de sus p\u00e1ginas web, de la existencia de cookies y pon a su disposici\u00f3n la presente Pol\u00edtica con la finalidad de informarles sobre su uso y objeto. El hecho de continuar la navegaci\u00f3n a trav\u00e9s de sus p\u00e1ginas supone el conocimiento y la aceptaci\u00f3n de la presente Pol\u00edtica por parte de dichos usuarios.<\/p>\n<p>CAMPING RIFORT, SA () utiliza los siguientes tipos de cookies:<\/p>\n<p>Clasificadas por su titularidad:<\/p>\n<p>* Cookies propias: enviadas y gestionadas directamente por CAMPING RIFORT, SA.<\/p>\n<p>* Cookies de terceros: enviadas y gestionadas por un tercero ajeno a CAMPING RIFORT, SA, de forma an\u00f3nima, con la finalidad de realizar estudios estad\u00edsticos de navegaci\u00f3n por las p\u00e1ginas web de CAMPING RIFORT, SA.<\/p>\n<p>Clasificadas por su finalidad:<\/p>\n<p>* Cookies t\u00e9cnicas y\/o de personalizaci\u00f3n: facilitan la navegaci\u00f3n, al identificar la sesi\u00f3n, permitir el acceso a herramientas de acceso restringido, adem\u00e1s de configurar a medida las opciones disponibles. Posibilitan la prestaci\u00f3n del servicio solicitado previamente por el usuario.<\/p>\n<p>* Cookies de an\u00e1lisis y\/o publicidad: permiten conocer el n\u00famero de visitas recibidas en las diferentes secciones de las p\u00e1ginas web, los h\u00e1bitos y tendencias de sus usuarios y en consecuencia, poder mejorar la navegaci\u00f3n y el servicio ofrecido por CAMPING RIFORT, SA ( fundamentalmente, Google Analytics), as\u00ed como gestionar los espacios publicitarios incluidos en la p\u00e1gina web visitada por el usuario. Recopila datos de forma an\u00f3nima con la finalidad de obtener perfiles de navegaci\u00f3n de los usuarios.<\/p>\n<p>Clasificadas por su duraci\u00f3n:<\/p>\n<p>* Cookies de sesi\u00f3n: recaban y almacenan las datos mientras el usuario accede a la p\u00e1gina web.<\/p>\n<p>* Cookies persistentes: recaban y almacenan las datos en el terminal del usuario durante un per\u00edodo de tiempo variable en funci\u00f3n de cual sea la finalidad para la que han sido utilizadas.<\/p>\n<p>El tiempo de conservaci\u00f3n de las cookies depender\u00e1 del tipo de que se trate y siempre ser\u00e1 el m\u00ednimo indispensable para cumplir su finalidad.<\/p>\n<p>En cualquier caso, los usuarios pueden configurar su navegador, de forma que se deshabilite o bloquee la recepci\u00f3n de todas o algunas de las cookies. El hecho de no desear recibir estas cookies, no constituye un impedimento para poder acceder a la informaci\u00f3n de los sitios web de CAMPING RIFORT, SA aunque el uso de algunos servicios podr\u00e1 ser limitado. Si una vez otorgado el consentimiento para la recepci\u00f3n de cookies, se desee retirar \u00e9ste, se deber\u00e1n eliminar aquellas almacenadas en el equipo del usuario, a trav\u00e9s de las opciones de los distintos navegadores.<\/p>\n<p>La forma de configurar los distintos navegadores para ejercitar las acciones se\u00f1aladas en los p\u00e1rrafos anteriores, se puede consultar en:<\/p>\n<p>* Explorer: http:\/\/windows.microsoft.com\/es-es\/windows7\/how-to-manage-cookies-in-internet-explorer-9<\/p>\n<p>* Chrome: https:\/\/support.google.com\/chrome\/answer\/95647?hl=es<\/p>\n<p>* Firefox: http:\/\/support.mozilla.org\/es\/kb\/cookies-informacion-que-los-sitios-web-guardan-en-?redirectlocale=en-US&amp;redirectslug=Cookies<\/p>\n<p>_______________________________<\/p>\n<p>Otros datos a incluir en la web dependiendo del servicio o producto ofrecido por la empresa:<\/p>\n<p>\u2013 C\u00f3digos de conducta a los que est\u00e9n adheridas.<\/p>\n<p>&#8211; Datos relativos a la autorizaci\u00f3n administrativa necesaria para el ejercicio de la actividad.<\/p>\n<p>\u2013 Datos de colegiaci\u00f3n y t\u00edtulo acad\u00e9mico de profesionales que ejerzan una actividad regulada.<\/p>\n<p>\u2013 Informaci\u00f3n adicional cuando al servicio se acceda mediante un n\u00famero de tel\u00e9fono de tarificaci\u00f3n adicional.<\/p>\n<p>\u2013 Si adem\u00e1s realiza contratos on-line deber\u00e1 a\u00f1adir la siguiente informaci\u00f3n con car\u00e1cter previo al proceso de contrataci\u00f3n:<\/p>\n<p>* Tr\u00e1mites que deben seguirse para contratar on-line.<\/p>\n<p>* Si el documento electr\u00f3nico del contrato se va a archivar y si \u00e9ste ser\u00e1 accesible.<\/p>\n<p>* Medios t\u00e9cnicos para identificar y corregir errores en la introducci\u00f3n de datos.<\/p>\n<p>* Lengua o lenguas en que podr\u00e1 formalizarse el contrato.<\/p>\n<p>* Condiciones generales a que, en su caso, se sujete el contrato.<\/p>\n<p>* Confirmar la celebraci\u00f3n del contrato por v\u00eda electr\u00f3nica, mediante el env\u00edo de un acuse de recibo del pedido realizado.<\/p>\n\t\t\t\t\t\t\t\t<\/div>\n\t\t\t\t<\/div>\n\t\t\t\t\t<\/div>\n\t\t<\/div>\n\t\t\t\t\t<\/div>\n\t\t<\/section>\n\t\t\t\t<section class=\"elementor-section elementor-top-section elementor-element elementor-element-56b2c0e elementor-section-boxed elementor-section-height-default elementor-section-height-default\" data-id=\"56b2c0e\" data-element_type=\"section\" data-e-type=\"section\" data-settings=\"{&quot;jet_parallax_layout_list&quot;:[],&quot;background_background&quot;:&quot;classic&quot;}\">\n\t\t\t\t\t\t<div class=\"elementor-container elementor-column-gap-default\">\n\t\t\t\t\t<div class=\"elementor-column elementor-col-100 elementor-top-column elementor-element elementor-element-e70e2c2\" data-id=\"e70e2c2\" data-element_type=\"column\" data-e-type=\"column\">\n\t\t\t<div class=\"elementor-widget-wrap elementor-element-populated\">\n\t\t\t\t\t\t<div class=\"elementor-element elementor-element-b5ec8c0 elementor-widget-divider--view-line elementor-widget elementor-widget-divider\" data-id=\"b5ec8c0\" data-element_type=\"widget\" data-e-type=\"widget\" data-widget_type=\"divider.default\">\n\t\t\t\t<div class=\"elementor-widget-container\">\n\t\t\t\t\t\t\t<div class=\"elementor-divider\">\n\t\t\t<span class=\"elementor-divider-separator\">\n\t\t\t\t\t\t<\/span>\n\t\t<\/div>\n\t\t\t\t\t\t<\/div>\n\t\t\t\t<\/div>\n\t\t\t\t\t<\/div>\n\t\t<\/div>\n\t\t\t\t\t<\/div>\n\t\t<\/section>\n\t\t\t\t<section class=\"elementor-section elementor-top-section elementor-element elementor-element-50cfd26 elementor-section-boxed elementor-section-height-default elementor-section-height-default\" data-id=\"50cfd26\" data-element_type=\"section\" data-e-type=\"section\" data-settings=\"{&quot;jet_parallax_layout_list&quot;:[]}\">\n\t\t\t\t\t\t<div class=\"elementor-container elementor-column-gap-default\">\n\t\t\t\t\t<div class=\"elementor-column elementor-col-50 elementor-top-column elementor-element elementor-element-8c14aa1\" data-id=\"8c14aa1\" data-element_type=\"column\" data-e-type=\"column\">\n\t\t\t<div class=\"elementor-widget-wrap elementor-element-populated\">\n\t\t\t\t\t\t<div class=\"elementor-element elementor-element-9909588 elementor-align-center elementor-mobile-align-justify elementor-invisible elementor-widget elementor-widget-button\" data-id=\"9909588\" data-element_type=\"widget\" data-e-type=\"widget\" data-settings=\"{&quot;_animation&quot;:&quot;zoomIn&quot;,&quot;_animation_delay&quot;:300}\" data-widget_type=\"button.default\">\n\t\t\t\t<div class=\"elementor-widget-container\">\n\t\t\t\t\t\t\t\t\t<div class=\"elementor-button-wrapper\">\n\t\t\t\t\t<a class=\"elementor-button elementor-button-link elementor-size-sm\" href=\"https:\/\/campingrifort.com\/es\/aviso-legal\/\">\n\t\t\t\t\t\t<span class=\"elementor-button-content-wrapper\">\n\t\t\t\t\t\t\t\t\t<span class=\"elementor-button-text\">AVISO LEGAL<\/span>\n\t\t\t\t\t<\/span>\n\t\t\t\t\t<\/a>\n\t\t\t\t<\/div>\n\t\t\t\t\t\t\t\t<\/div>\n\t\t\t\t<\/div>\n\t\t\t\t\t<\/div>\n\t\t<\/div>\n\t\t\t\t<div class=\"elementor-column elementor-col-50 elementor-top-column elementor-element elementor-element-0cef243\" data-id=\"0cef243\" data-element_type=\"column\" data-e-type=\"column\">\n\t\t\t<div class=\"elementor-widget-wrap elementor-element-populated\">\n\t\t\t\t\t\t<div class=\"elementor-element elementor-element-a464126 elementor-align-center elementor-mobile-align-justify elementor-invisible elementor-widget elementor-widget-button\" data-id=\"a464126\" data-element_type=\"widget\" data-e-type=\"widget\" data-settings=\"{&quot;_animation&quot;:&quot;zoomIn&quot;,&quot;_animation_delay&quot;:300}\" data-widget_type=\"button.default\">\n\t\t\t\t<div class=\"elementor-widget-container\">\n\t\t\t\t\t\t\t\t\t<div class=\"elementor-button-wrapper\">\n\t\t\t\t\t<a class=\"elementor-button elementor-button-link elementor-size-sm\" href=\"https:\/\/campingrifort.com\/es\/politica-de-privacidad\/\">\n\t\t\t\t\t\t<span class=\"elementor-button-content-wrapper\">\n\t\t\t\t\t\t\t\t\t<span class=\"elementor-button-text\">POL\u00cdTICA DE PRIVACIDAD<\/span>\n\t\t\t\t\t<\/span>\n\t\t\t\t\t<\/a>\n\t\t\t\t<\/div>\n\t\t\t\t\t\t\t\t<\/div>\n\t\t\t\t<\/div>\n\t\t\t\t\t<\/div>\n\t\t<\/div>\n\t\t\t\t\t<\/div>\n\t\t<\/section>\n\t\t\t\t<section class=\"elementor-section elementor-top-section elementor-element elementor-element-1dbe27d elementor-hidden-mobile elementor-section-boxed elementor-section-height-default elementor-section-height-default\" data-id=\"1dbe27d\" data-element_type=\"section\" data-e-type=\"section\" data-settings=\"{&quot;jet_parallax_layout_list&quot;:[]}\">\n\t\t\t\t\t\t<div class=\"elementor-container elementor-column-gap-default\">\n\t\t\t\t\t<div class=\"elementor-column elementor-col-100 elementor-top-column elementor-element elementor-element-6e3bcf0\" data-id=\"6e3bcf0\" data-element_type=\"column\" data-e-type=\"column\">\n\t\t\t<div class=\"elementor-widget-wrap elementor-element-populated\">\n\t\t\t\t\t\t<div class=\"elementor-element elementor-element-5bbd805 elementor-hidden-mobile elementor-widget elementor-widget-spacer\" data-id=\"5bbd805\" data-element_type=\"widget\" data-e-type=\"widget\" data-widget_type=\"spacer.default\">\n\t\t\t\t<div class=\"elementor-widget-container\">\n\t\t\t\t\t\t\t<div class=\"elementor-spacer\">\n\t\t\t<div class=\"elementor-spacer-inner\"><\/div>\n\t\t<\/div>\n\t\t\t\t\t\t<\/div>\n\t\t\t\t<\/div>\n\t\t\t\t\t<\/div>\n\t\t<\/div>\n\t\t\t\t\t<\/div>\n\t\t<\/section>\n\t\t\t\t<\/div>\n\t\t","protected":false},"excerpt":{"rendered":"<p>POL\u00cdTICA DE COOKIES CAMPING RIFORT, SA (), a trav\u00e9s del presente documento, recoge su Pol\u00edtica de recogida y tratamiento de cookies, en cumplimiento de lo dispuesto en el art\u00edculo 22.2 de la Ley 34\/2002, de 11 de julio, de Servicios de la Sociedad de la Informaci\u00f3n y de Comercio Electr\u00f3nico (LSSICE). Las cookies se almacenan [&hellip;]<\/p>\n","protected":false},"author":1,"featured_media":0,"parent":0,"menu_order":0,"comment_status":"closed","ping_status":"closed","template":"elementor_header_footer","meta":{"footnotes":""},"class_list":["post-3266","page","type-page","status-publish","hentry"],"yoast_head":"<!-- This site is optimized with the Yoast SEO plugin v27.3 - https:\/\/yoast.com\/product\/yoast-seo-wordpress\/ -->\n<title>Pol\u00edtica de Cookies - C\u00e0mping Rifort<\/title>\n<meta name=\"robots\" content=\"index, follow, max-snippet:-1, max-image-preview:large, max-video-preview:-1\" \/>\n<link rel=\"canonical\" href=\"https:\/\/campingrifort.com\/es\/politica-de-cookies\/\" \/>\n<meta property=\"og:locale\" content=\"es_ES\" \/>\n<meta property=\"og:type\" content=\"article\" \/>\n<meta property=\"og:title\" content=\"Pol\u00edtica de Cookies - C\u00e0mping Rifort\" \/>\n<meta property=\"og:description\" content=\"POL\u00cdTICA DE COOKIES CAMPING RIFORT, SA (), a trav\u00e9s del presente documento, recoge su Pol\u00edtica de recogida y tratamiento de cookies, en cumplimiento de lo dispuesto en el art\u00edculo 22.2 de la Ley 34\/2002, de 11 de julio, de Servicios de la Sociedad de la Informaci\u00f3n y de Comercio Electr\u00f3nico (LSSICE). Las cookies se almacenan [&hellip;]\" \/>\n<meta property=\"og:url\" content=\"https:\/\/campingrifort.com\/es\/politica-de-cookies\/\" \/>\n<meta property=\"og:site_name\" content=\"C\u00e0mping Rifort\" \/>\n<meta property=\"article:publisher\" content=\"https:\/\/www.facebook.com\/campingrifort\" \/>\n<meta property=\"article:modified_time\" content=\"2023-04-19T11:25:57+00:00\" \/>\n<meta name=\"twitter:card\" content=\"summary_large_image\" \/>\n<meta name=\"twitter:label1\" content=\"Tiempo de lectura\" \/>\n\t<meta name=\"twitter:data1\" content=\"5 minutos\" \/>\n<script type=\"application\/ld+json\" class=\"yoast-schema-graph\">{\"@context\":\"https:\\\/\\\/schema.org\",\"@graph\":[{\"@type\":\"WebPage\",\"@id\":\"https:\\\/\\\/campingrifort.com\\\/es\\\/politica-de-cookies\\\/\",\"url\":\"https:\\\/\\\/campingrifort.com\\\/es\\\/politica-de-cookies\\\/\",\"name\":\"Pol\u00edtica de Cookies - C\u00e0mping Rifort\",\"isPartOf\":{\"@id\":\"https:\\\/\\\/campingrifort.com\\\/es\\\/#website\"},\"datePublished\":\"2023-01-16T12:21:45+00:00\",\"dateModified\":\"2023-04-19T11:25:57+00:00\",\"breadcrumb\":{\"@id\":\"https:\\\/\\\/campingrifort.com\\\/es\\\/politica-de-cookies\\\/#breadcrumb\"},\"inLanguage\":\"es\",\"potentialAction\":[{\"@type\":\"ReadAction\",\"target\":[\"https:\\\/\\\/campingrifort.com\\\/es\\\/politica-de-cookies\\\/\"]}]},{\"@type\":\"BreadcrumbList\",\"@id\":\"https:\\\/\\\/campingrifort.com\\\/es\\\/politica-de-cookies\\\/#breadcrumb\",\"itemListElement\":[{\"@type\":\"ListItem\",\"position\":1,\"name\":\"Inici\",\"item\":\"https:\\\/\\\/campingrifort.com\\\/es\\\/\"},{\"@type\":\"ListItem\",\"position\":2,\"name\":\"Pol\u00edtica de Cookies\"}]},{\"@type\":\"WebSite\",\"@id\":\"https:\\\/\\\/campingrifort.com\\\/es\\\/#website\",\"url\":\"https:\\\/\\\/campingrifort.com\\\/es\\\/\",\"name\":\"C\u00e0mping Rifort\",\"description\":\"El c\u00e0mping de tota la fam\u00edlia a l&#039;Estartit, Costa Brava\",\"publisher\":{\"@id\":\"https:\\\/\\\/campingrifort.com\\\/es\\\/#organization\"},\"potentialAction\":[{\"@type\":\"SearchAction\",\"target\":{\"@type\":\"EntryPoint\",\"urlTemplate\":\"https:\\\/\\\/campingrifort.com\\\/es\\\/?s={search_term_string}\"},\"query-input\":{\"@type\":\"PropertyValueSpecification\",\"valueRequired\":true,\"valueName\":\"search_term_string\"}}],\"inLanguage\":\"es\"},{\"@type\":\"Organization\",\"@id\":\"https:\\\/\\\/campingrifort.com\\\/es\\\/#organization\",\"name\":\"C\u00e0mping Rifort\",\"url\":\"https:\\\/\\\/campingrifort.com\\\/es\\\/\",\"logo\":{\"@type\":\"ImageObject\",\"inLanguage\":\"es\",\"@id\":\"https:\\\/\\\/campingrifort.com\\\/es\\\/#\\\/schema\\\/logo\\\/image\\\/\",\"url\":\"https:\\\/\\\/campingrifort.com\\\/wp-content\\\/uploads\\\/2022\\\/11\\\/CAMPING-RIFORT-Logo.jpg\",\"contentUrl\":\"https:\\\/\\\/campingrifort.com\\\/wp-content\\\/uploads\\\/2022\\\/11\\\/CAMPING-RIFORT-Logo.jpg\",\"width\":350,\"height\":100,\"caption\":\"C\u00e0mping Rifort\"},\"image\":{\"@id\":\"https:\\\/\\\/campingrifort.com\\\/es\\\/#\\\/schema\\\/logo\\\/image\\\/\"},\"sameAs\":[\"https:\\\/\\\/www.facebook.com\\\/campingrifort\",\"https:\\\/\\\/www.instagram.com\\\/campingrifort\\\/\"]}]}<\/script>\n<!-- \/ Yoast SEO plugin. -->","yoast_head_json":{"title":"Pol\u00edtica de Cookies - C\u00e0mping Rifort","robots":{"index":"index","follow":"follow","max-snippet":"max-snippet:-1","max-image-preview":"max-image-preview:large","max-video-preview":"max-video-preview:-1"},"canonical":"https:\/\/campingrifort.com\/es\/politica-de-cookies\/","og_locale":"es_ES","og_type":"article","og_title":"Pol\u00edtica de Cookies - C\u00e0mping Rifort","og_description":"POL\u00cdTICA DE COOKIES CAMPING RIFORT, SA (), a trav\u00e9s del presente documento, recoge su Pol\u00edtica de recogida y tratamiento de cookies, en cumplimiento de lo dispuesto en el art\u00edculo 22.2 de la Ley 34\/2002, de 11 de julio, de Servicios de la Sociedad de la Informaci\u00f3n y de Comercio Electr\u00f3nico (LSSICE). Las cookies se almacenan [&hellip;]","og_url":"https:\/\/campingrifort.com\/es\/politica-de-cookies\/","og_site_name":"C\u00e0mping Rifort","article_publisher":"https:\/\/www.facebook.com\/campingrifort","article_modified_time":"2023-04-19T11:25:57+00:00","twitter_card":"summary_large_image","twitter_misc":{"Tiempo de lectura":"5 minutos"},"schema":{"@context":"https:\/\/schema.org","@graph":[{"@type":"WebPage","@id":"https:\/\/campingrifort.com\/es\/politica-de-cookies\/","url":"https:\/\/campingrifort.com\/es\/politica-de-cookies\/","name":"Pol\u00edtica de Cookies - C\u00e0mping Rifort","isPartOf":{"@id":"https:\/\/campingrifort.com\/es\/#website"},"datePublished":"2023-01-16T12:21:45+00:00","dateModified":"2023-04-19T11:25:57+00:00","breadcrumb":{"@id":"https:\/\/campingrifort.com\/es\/politica-de-cookies\/#breadcrumb"},"inLanguage":"es","potentialAction":[{"@type":"ReadAction","target":["https:\/\/campingrifort.com\/es\/politica-de-cookies\/"]}]},{"@type":"BreadcrumbList","@id":"https:\/\/campingrifort.com\/es\/politica-de-cookies\/#breadcrumb","itemListElement":[{"@type":"ListItem","position":1,"name":"Inici","item":"https:\/\/campingrifort.com\/es\/"},{"@type":"ListItem","position":2,"name":"Pol\u00edtica de Cookies"}]},{"@type":"WebSite","@id":"https:\/\/campingrifort.com\/es\/#website","url":"https:\/\/campingrifort.com\/es\/","name":"C\u00e0mping Rifort","description":"El c\u00e0mping de tota la fam\u00edlia a l&#039;Estartit, Costa Brava","publisher":{"@id":"https:\/\/campingrifort.com\/es\/#organization"},"potentialAction":[{"@type":"SearchAction","target":{"@type":"EntryPoint","urlTemplate":"https:\/\/campingrifort.com\/es\/?s={search_term_string}"},"query-input":{"@type":"PropertyValueSpecification","valueRequired":true,"valueName":"search_term_string"}}],"inLanguage":"es"},{"@type":"Organization","@id":"https:\/\/campingrifort.com\/es\/#organization","name":"C\u00e0mping Rifort","url":"https:\/\/campingrifort.com\/es\/","logo":{"@type":"ImageObject","inLanguage":"es","@id":"https:\/\/campingrifort.com\/es\/#\/schema\/logo\/image\/","url":"https:\/\/campingrifort.com\/wp-content\/uploads\/2022\/11\/CAMPING-RIFORT-Logo.jpg","contentUrl":"https:\/\/campingrifort.com\/wp-content\/uploads\/2022\/11\/CAMPING-RIFORT-Logo.jpg","width":350,"height":100,"caption":"C\u00e0mping Rifort"},"image":{"@id":"https:\/\/campingrifort.com\/es\/#\/schema\/logo\/image\/"},"sameAs":["https:\/\/www.facebook.com\/campingrifort","https:\/\/www.instagram.com\/campingrifort\/"]}]}},"_links":{"self":[{"href":"https:\/\/campingrifort.com\/es\/wp-json\/wp\/v2\/pages\/3266","targetHints":{"allow":["GET"]}}],"collection":[{"href":"https:\/\/campingrifort.com\/es\/wp-json\/wp\/v2\/pages"}],"about":[{"href":"https:\/\/campingrifort.com\/es\/wp-json\/wp\/v2\/types\/page"}],"author":[{"embeddable":true,"href":"https:\/\/campingrifort.com\/es\/wp-json\/wp\/v2\/users\/1"}],"replies":[{"embeddable":true,"href":"https:\/\/campingrifort.com\/es\/wp-json\/wp\/v2\/comments?post=3266"}],"version-history":[{"count":0,"href":"https:\/\/campingrifort.com\/es\/wp-json\/wp\/v2\/pages\/3266\/revisions"}],"wp:attachment":[{"href":"https:\/\/campingrifort.com\/es\/wp-json\/wp\/v2\/media?parent=3266"}],"curies":[{"name":"wp","href":"https:\/\/api.w.org\/{rel}","templated":true}]}}