{"id":3264,"date":"2023-01-16T13:25:25","date_gmt":"2023-01-16T12:25:25","guid":{"rendered":"https:\/\/campingrifort.com\/aviso-legal\/"},"modified":"2023-04-19T13:25:57","modified_gmt":"2023-04-19T11:25:57","slug":"aviso-legal","status":"publish","type":"page","link":"https:\/\/campingrifort.com\/es\/aviso-legal\/","title":{"rendered":"Aviso Legal"},"content":{"rendered":"\t\t<div data-elementor-type=\"wp-page\" data-elementor-id=\"3264\" class=\"elementor elementor-3264 elementor-1604\" data-elementor-post-type=\"page\">\n\t\t\t\t\t\t<section class=\"elementor-section elementor-top-section elementor-element elementor-element-9bc39c0 elementor-section-boxed elementor-section-height-default elementor-section-height-default\" data-id=\"9bc39c0\" data-element_type=\"section\" data-e-type=\"section\" data-settings=\"{&quot;jet_parallax_layout_list&quot;:[]}\">\n\t\t\t\t\t\t<div class=\"elementor-container elementor-column-gap-default\">\n\t\t\t\t\t<div class=\"elementor-column elementor-col-100 elementor-top-column elementor-element elementor-element-a9a72f8\" data-id=\"a9a72f8\" data-element_type=\"column\" data-e-type=\"column\">\n\t\t\t<div class=\"elementor-widget-wrap elementor-element-populated\">\n\t\t\t\t\t\t<div class=\"elementor-element elementor-element-2ac1343 elementor-widget elementor-widget-spacer\" data-id=\"2ac1343\" data-element_type=\"widget\" data-e-type=\"widget\" data-widget_type=\"spacer.default\">\n\t\t\t\t<div class=\"elementor-widget-container\">\n\t\t\t\t\t\t\t<div class=\"elementor-spacer\">\n\t\t\t<div class=\"elementor-spacer-inner\"><\/div>\n\t\t<\/div>\n\t\t\t\t\t\t<\/div>\n\t\t\t\t<\/div>\n\t\t\t\t<div class=\"elementor-element elementor-element-ae89505 elementor-widget elementor-widget-heading\" data-id=\"ae89505\" data-element_type=\"widget\" data-e-type=\"widget\" data-widget_type=\"heading.default\">\n\t\t\t\t<div class=\"elementor-widget-container\">\n\t\t\t\t\t<h2 class=\"elementor-heading-title elementor-size-default\">AVISO LEGAL<\/h2>\t\t\t\t<\/div>\n\t\t\t\t<\/div>\n\t\t\t\t<div class=\"elementor-element elementor-element-6c8481d elementor-widget elementor-widget-spacer\" data-id=\"6c8481d\" data-element_type=\"widget\" data-e-type=\"widget\" data-widget_type=\"spacer.default\">\n\t\t\t\t<div class=\"elementor-widget-container\">\n\t\t\t\t\t\t\t<div class=\"elementor-spacer\">\n\t\t\t<div class=\"elementor-spacer-inner\"><\/div>\n\t\t<\/div>\n\t\t\t\t\t\t<\/div>\n\t\t\t\t<\/div>\n\t\t\t\t\t<\/div>\n\t\t<\/div>\n\t\t\t\t\t<\/div>\n\t\t<\/section>\n\t\t\t\t<section class=\"elementor-section elementor-top-section elementor-element elementor-element-ed98642 elementor-section-boxed elementor-section-height-default elementor-section-height-default\" data-id=\"ed98642\" data-element_type=\"section\" data-e-type=\"section\" data-settings=\"{&quot;jet_parallax_layout_list&quot;:[]}\">\n\t\t\t\t\t\t<div class=\"elementor-container elementor-column-gap-default\">\n\t\t\t\t\t<div class=\"elementor-column elementor-col-100 elementor-top-column elementor-element elementor-element-39aae48\" data-id=\"39aae48\" data-element_type=\"column\" data-e-type=\"column\">\n\t\t\t<div class=\"elementor-widget-wrap elementor-element-populated\">\n\t\t\t\t\t\t<div class=\"elementor-element elementor-element-896dbcb elementor-widget elementor-widget-text-editor\" data-id=\"896dbcb\" data-element_type=\"widget\" data-e-type=\"widget\" data-widget_type=\"text-editor.default\">\n\t\t\t\t<div class=\"elementor-widget-container\">\n\t\t\t\t\t\t\t\t\t<p>En cumplimiento del art\u00edculo 10 de la Ley 34\/2002, de 11 de julio, de Servicios de la Sociedad de la Informaci\u00f3n y Comercio Electr\u00f3nico (LSSICE) a continuaci\u00f3n se detallan las datos identificativos de la empresa:<\/p>\n<p>N\u00famero empresa:<\/p>\n<p>Raz\u00f3n social: CAMPING RIFORT, SA<\/p>\n<p>NIF: A17205857<\/p>\n<p>RMG: T309 L590 F179 H10330 Ins 1\u00aa<\/p>\n<p>Direcci\u00f3n: CAMI VELL, 2 \u2013 17258 \u2013 L&#8217;ESTARTIT \u2013 GIRONA<\/p>\n<p>Tel\u00e9fono: 972750406<\/p>\n<p>Email: campingrifort@campingrifort.com<\/p>\n<p>FINALIDAD DE LA P\u00c1GINA WEB.<\/p>\n<p>Aqu\u00ed debe describir la finalidad o actividad de la web o de la empresa. Precios de los productos o servicios que se ofrecen a trav\u00e9s de la web, con indicaci\u00f3n de los impuestos y gastos de env\u00edo.<\/p>\n<p>El presente aviso legal (en adelante, el \u201cAviso Legal\u201d) regula el uso del sitio web: www.campingrifort.com<\/p>\n<p>LEGISLACI\u00d3N.<\/p>\n<p>Con car\u00e1cter general las relaciones entre A17205857 () con los Usuarios de sus servicios telem\u00e1ticos, presentes en este sitio web, se encuentran sometidas a la legislaci\u00f3n y jurisdicci\u00f3n espa\u00f1olas.<\/p>\n<p>USO Y ACCESO DE USUARIOS.<\/p>\n<p>El Usuario queda informado, y acepta, que el acceso a la presente web no supone, en modo alguno, el inicio de una relaci\u00f3n comercial con CAMPING RIFORT, SA () o cualquiera de sus delegaciones.<\/p>\n<p>PROPIEDAD INTELECTUAL E INDUSTRIAL.<\/p>\n<p>Los derechos de propiedad intelectual del contenido de las p\u00e1ginas web, su dise\u00f1o gr\u00e1fico y c\u00f3digos son titularidad de CAMPING RIFORT, SA () y, por tanto, queda prohibida su reproducci\u00f3n, distribuci\u00f3n, comunicaci\u00f3n p\u00fablica, transformaci\u00f3n o cualquier otra actividad que se pueda realizar con los contenidos de sus p\u00e1ginas web ni a\u00fan citando las fuentes, salvo consentimiento por escrito de CAMPING RIFORT, SA ().<\/p>\n<p>CONTENIDO DE LA WEB Y ENLACES (LINKS).<\/p>\n<p>CAMPING RIFORT, SA () se reserva el derecho a actualizar, modificar o eliminar la informaci\u00f3n contenida en sus p\u00e1ginas web pudiendo incluso limitar o no permitir el acceso a dicha informaci\u00f3n a ciertos usuarios.<\/p>\n<p>CAMPING RIFORT, SA () no asume responsabilidad alguna por la informaci\u00f3n contenida en p\u00e1ginas web de terceros a las que se pueda acceder por \u201clinks\u201d o enlaces desde cualquier p\u00e1gina web propiedad de CAMPING RIFORT, SA (). La presencia de \u201clinks\u201d o enlaces en las p\u00e1ginas web de CAMPING RIFORT, SA () tiene finalidad meramente informativa y en ning\u00fan caso supone sugerencia, invitaci\u00f3n o recomendaci\u00f3n sobre los mismos.<\/p>\n\t\t\t\t\t\t\t\t<\/div>\n\t\t\t\t<\/div>\n\t\t\t\t\t<\/div>\n\t\t<\/div>\n\t\t\t\t\t<\/div>\n\t\t<\/section>\n\t\t\t\t<section class=\"elementor-section elementor-top-section elementor-element elementor-element-255b734 elementor-section-boxed elementor-section-height-default elementor-section-height-default\" data-id=\"255b734\" data-element_type=\"section\" data-e-type=\"section\" data-settings=\"{&quot;jet_parallax_layout_list&quot;:[],&quot;background_background&quot;:&quot;classic&quot;}\">\n\t\t\t\t\t\t<div class=\"elementor-container elementor-column-gap-default\">\n\t\t\t\t\t<div class=\"elementor-column elementor-col-100 elementor-top-column elementor-element elementor-element-eea9238\" data-id=\"eea9238\" data-element_type=\"column\" data-e-type=\"column\">\n\t\t\t<div class=\"elementor-widget-wrap elementor-element-populated\">\n\t\t\t\t\t\t<div class=\"elementor-element elementor-element-e97c76a elementor-widget-divider--view-line elementor-widget elementor-widget-divider\" data-id=\"e97c76a\" data-element_type=\"widget\" data-e-type=\"widget\" data-widget_type=\"divider.default\">\n\t\t\t\t<div class=\"elementor-widget-container\">\n\t\t\t\t\t\t\t<div class=\"elementor-divider\">\n\t\t\t<span class=\"elementor-divider-separator\">\n\t\t\t\t\t\t<\/span>\n\t\t<\/div>\n\t\t\t\t\t\t<\/div>\n\t\t\t\t<\/div>\n\t\t\t\t\t<\/div>\n\t\t<\/div>\n\t\t\t\t\t<\/div>\n\t\t<\/section>\n\t\t\t\t<section class=\"elementor-section elementor-top-section elementor-element elementor-element-42f0349 elementor-section-boxed elementor-section-height-default elementor-section-height-default\" data-id=\"42f0349\" data-element_type=\"section\" data-e-type=\"section\" data-settings=\"{&quot;jet_parallax_layout_list&quot;:[]}\">\n\t\t\t\t\t\t<div class=\"elementor-container elementor-column-gap-default\">\n\t\t\t\t\t<div class=\"elementor-column elementor-col-50 elementor-top-column elementor-element elementor-element-f5643b0\" data-id=\"f5643b0\" data-element_type=\"column\" data-e-type=\"column\">\n\t\t\t<div class=\"elementor-widget-wrap elementor-element-populated\">\n\t\t\t\t\t\t<div class=\"elementor-element elementor-element-f4f7a08 elementor-align-center elementor-mobile-align-justify elementor-invisible elementor-widget elementor-widget-button\" data-id=\"f4f7a08\" data-element_type=\"widget\" data-e-type=\"widget\" data-settings=\"{&quot;_animation&quot;:&quot;zoomIn&quot;,&quot;_animation_delay&quot;:300}\" data-widget_type=\"button.default\">\n\t\t\t\t<div class=\"elementor-widget-container\">\n\t\t\t\t\t\t\t\t\t<div class=\"elementor-button-wrapper\">\n\t\t\t\t\t<a class=\"elementor-button elementor-button-link elementor-size-sm\" href=\"https:\/\/campingrifort.com\/es\/politica-de-privacidad\/\">\n\t\t\t\t\t\t<span class=\"elementor-button-content-wrapper\">\n\t\t\t\t\t\t\t\t\t<span class=\"elementor-button-text\">POL\u00cdTICA DE PRIVACIDAD<\/span>\n\t\t\t\t\t<\/span>\n\t\t\t\t\t<\/a>\n\t\t\t\t<\/div>\n\t\t\t\t\t\t\t\t<\/div>\n\t\t\t\t<\/div>\n\t\t\t\t\t<\/div>\n\t\t<\/div>\n\t\t\t\t<div class=\"elementor-column elementor-col-50 elementor-top-column elementor-element elementor-element-238d066\" data-id=\"238d066\" data-element_type=\"column\" data-e-type=\"column\">\n\t\t\t<div class=\"elementor-widget-wrap elementor-element-populated\">\n\t\t\t\t\t\t<div class=\"elementor-element elementor-element-8b13a69 elementor-align-center elementor-mobile-align-justify elementor-invisible elementor-widget elementor-widget-button\" data-id=\"8b13a69\" data-element_type=\"widget\" data-e-type=\"widget\" data-settings=\"{&quot;_animation&quot;:&quot;zoomIn&quot;,&quot;_animation_delay&quot;:300}\" data-widget_type=\"button.default\">\n\t\t\t\t<div class=\"elementor-widget-container\">\n\t\t\t\t\t\t\t\t\t<div class=\"elementor-button-wrapper\">\n\t\t\t\t\t<a class=\"elementor-button elementor-button-link elementor-size-sm\" href=\"https:\/\/campingrifort.com\/es\/politica-de-cookies\/\">\n\t\t\t\t\t\t<span class=\"elementor-button-content-wrapper\">\n\t\t\t\t\t\t\t\t\t<span class=\"elementor-button-text\">POL\u00cdTICA DE COOKIES<\/span>\n\t\t\t\t\t<\/span>\n\t\t\t\t\t<\/a>\n\t\t\t\t<\/div>\n\t\t\t\t\t\t\t\t<\/div>\n\t\t\t\t<\/div>\n\t\t\t\t\t<\/div>\n\t\t<\/div>\n\t\t\t\t\t<\/div>\n\t\t<\/section>\n\t\t\t\t<section class=\"elementor-section elementor-top-section elementor-element elementor-element-3534a16 elementor-hidden-mobile elementor-section-boxed elementor-section-height-default elementor-section-height-default\" data-id=\"3534a16\" data-element_type=\"section\" data-e-type=\"section\" data-settings=\"{&quot;jet_parallax_layout_list&quot;:[]}\">\n\t\t\t\t\t\t<div class=\"elementor-container elementor-column-gap-default\">\n\t\t\t\t\t<div class=\"elementor-column elementor-col-100 elementor-top-column elementor-element elementor-element-4656daa\" data-id=\"4656daa\" data-element_type=\"column\" data-e-type=\"column\">\n\t\t\t<div class=\"elementor-widget-wrap elementor-element-populated\">\n\t\t\t\t\t\t<div class=\"elementor-element elementor-element-99b877c elementor-widget elementor-widget-spacer\" data-id=\"99b877c\" data-element_type=\"widget\" data-e-type=\"widget\" data-widget_type=\"spacer.default\">\n\t\t\t\t<div class=\"elementor-widget-container\">\n\t\t\t\t\t\t\t<div class=\"elementor-spacer\">\n\t\t\t<div class=\"elementor-spacer-inner\"><\/div>\n\t\t<\/div>\n\t\t\t\t\t\t<\/div>\n\t\t\t\t<\/div>\n\t\t\t\t\t<\/div>\n\t\t<\/div>\n\t\t\t\t\t<\/div>\n\t\t<\/section>\n\t\t\t\t<\/div>\n\t\t","protected":false},"excerpt":{"rendered":"<p>AVISO LEGAL En cumplimiento del art\u00edculo 10 de la Ley 34\/2002, de 11 de julio, de Servicios de la Sociedad de la Informaci\u00f3n y Comercio Electr\u00f3nico (LSSICE) a continuaci\u00f3n se detallan las datos identificativos de la empresa: N\u00famero empresa: Raz\u00f3n social: CAMPING RIFORT, SA NIF: A17205857 RMG: T309 L590 F179 H10330 Ins 1\u00aa Direcci\u00f3n: CAMI [&hellip;]<\/p>\n","protected":false},"author":1,"featured_media":0,"parent":0,"menu_order":0,"comment_status":"closed","ping_status":"closed","template":"elementor_header_footer","meta":{"footnotes":""},"class_list":["post-3264","page","type-page","status-publish","hentry"],"yoast_head":"<!-- This site is optimized with the Yoast SEO plugin v27.3 - https:\/\/yoast.com\/product\/yoast-seo-wordpress\/ -->\n<title>Aviso Legal - C\u00e0mping Rifort<\/title>\n<meta name=\"robots\" content=\"index, follow, max-snippet:-1, max-image-preview:large, max-video-preview:-1\" \/>\n<link rel=\"canonical\" href=\"https:\/\/campingrifort.com\/es\/aviso-legal\/\" \/>\n<meta property=\"og:locale\" content=\"es_ES\" \/>\n<meta property=\"og:type\" content=\"article\" \/>\n<meta property=\"og:title\" content=\"Aviso Legal - C\u00e0mping Rifort\" \/>\n<meta property=\"og:description\" content=\"AVISO LEGAL En cumplimiento del art\u00edculo 10 de la Ley 34\/2002, de 11 de julio, de Servicios de la Sociedad de la Informaci\u00f3n y Comercio Electr\u00f3nico (LSSICE) a continuaci\u00f3n se detallan las datos identificativos de la empresa: N\u00famero empresa: Raz\u00f3n social: CAMPING RIFORT, SA NIF: A17205857 RMG: T309 L590 F179 H10330 Ins 1\u00aa Direcci\u00f3n: CAMI [&hellip;]\" \/>\n<meta property=\"og:url\" content=\"https:\/\/campingrifort.com\/es\/aviso-legal\/\" \/>\n<meta property=\"og:site_name\" content=\"C\u00e0mping Rifort\" \/>\n<meta property=\"article:publisher\" content=\"https:\/\/www.facebook.com\/campingrifort\" \/>\n<meta property=\"article:modified_time\" content=\"2023-04-19T11:25:57+00:00\" \/>\n<meta name=\"twitter:card\" content=\"summary_large_image\" \/>\n<meta name=\"twitter:label1\" content=\"Tiempo de lectura\" \/>\n\t<meta name=\"twitter:data1\" content=\"2 minutos\" \/>\n<script type=\"application\/ld+json\" class=\"yoast-schema-graph\">{\"@context\":\"https:\\\/\\\/schema.org\",\"@graph\":[{\"@type\":\"WebPage\",\"@id\":\"https:\\\/\\\/campingrifort.com\\\/es\\\/aviso-legal\\\/\",\"url\":\"https:\\\/\\\/campingrifort.com\\\/es\\\/aviso-legal\\\/\",\"name\":\"Aviso Legal - C\u00e0mping Rifort\",\"isPartOf\":{\"@id\":\"https:\\\/\\\/campingrifort.com\\\/es\\\/#website\"},\"datePublished\":\"2023-01-16T12:25:25+00:00\",\"dateModified\":\"2023-04-19T11:25:57+00:00\",\"breadcrumb\":{\"@id\":\"https:\\\/\\\/campingrifort.com\\\/es\\\/aviso-legal\\\/#breadcrumb\"},\"inLanguage\":\"es\",\"potentialAction\":[{\"@type\":\"ReadAction\",\"target\":[\"https:\\\/\\\/campingrifort.com\\\/es\\\/aviso-legal\\\/\"]}]},{\"@type\":\"BreadcrumbList\",\"@id\":\"https:\\\/\\\/campingrifort.com\\\/es\\\/aviso-legal\\\/#breadcrumb\",\"itemListElement\":[{\"@type\":\"ListItem\",\"position\":1,\"name\":\"Inici\",\"item\":\"https:\\\/\\\/campingrifort.com\\\/es\\\/\"},{\"@type\":\"ListItem\",\"position\":2,\"name\":\"Aviso Legal\"}]},{\"@type\":\"WebSite\",\"@id\":\"https:\\\/\\\/campingrifort.com\\\/es\\\/#website\",\"url\":\"https:\\\/\\\/campingrifort.com\\\/es\\\/\",\"name\":\"C\u00e0mping Rifort\",\"description\":\"El c\u00e0mping de tota la fam\u00edlia a l&#039;Estartit, Costa Brava\",\"publisher\":{\"@id\":\"https:\\\/\\\/campingrifort.com\\\/es\\\/#organization\"},\"potentialAction\":[{\"@type\":\"SearchAction\",\"target\":{\"@type\":\"EntryPoint\",\"urlTemplate\":\"https:\\\/\\\/campingrifort.com\\\/es\\\/?s={search_term_string}\"},\"query-input\":{\"@type\":\"PropertyValueSpecification\",\"valueRequired\":true,\"valueName\":\"search_term_string\"}}],\"inLanguage\":\"es\"},{\"@type\":\"Organization\",\"@id\":\"https:\\\/\\\/campingrifort.com\\\/es\\\/#organization\",\"name\":\"C\u00e0mping Rifort\",\"url\":\"https:\\\/\\\/campingrifort.com\\\/es\\\/\",\"logo\":{\"@type\":\"ImageObject\",\"inLanguage\":\"es\",\"@id\":\"https:\\\/\\\/campingrifort.com\\\/es\\\/#\\\/schema\\\/logo\\\/image\\\/\",\"url\":\"https:\\\/\\\/campingrifort.com\\\/wp-content\\\/uploads\\\/2022\\\/11\\\/CAMPING-RIFORT-Logo.jpg\",\"contentUrl\":\"https:\\\/\\\/campingrifort.com\\\/wp-content\\\/uploads\\\/2022\\\/11\\\/CAMPING-RIFORT-Logo.jpg\",\"width\":350,\"height\":100,\"caption\":\"C\u00e0mping Rifort\"},\"image\":{\"@id\":\"https:\\\/\\\/campingrifort.com\\\/es\\\/#\\\/schema\\\/logo\\\/image\\\/\"},\"sameAs\":[\"https:\\\/\\\/www.facebook.com\\\/campingrifort\",\"https:\\\/\\\/www.instagram.com\\\/campingrifort\\\/\"]}]}<\/script>\n<!-- \/ Yoast SEO plugin. -->","yoast_head_json":{"title":"Aviso Legal - C\u00e0mping Rifort","robots":{"index":"index","follow":"follow","max-snippet":"max-snippet:-1","max-image-preview":"max-image-preview:large","max-video-preview":"max-video-preview:-1"},"canonical":"https:\/\/campingrifort.com\/es\/aviso-legal\/","og_locale":"es_ES","og_type":"article","og_title":"Aviso Legal - C\u00e0mping Rifort","og_description":"AVISO LEGAL En cumplimiento del art\u00edculo 10 de la Ley 34\/2002, de 11 de julio, de Servicios de la Sociedad de la Informaci\u00f3n y Comercio Electr\u00f3nico (LSSICE) a continuaci\u00f3n se detallan las datos identificativos de la empresa: N\u00famero empresa: Raz\u00f3n social: CAMPING RIFORT, SA NIF: A17205857 RMG: T309 L590 F179 H10330 Ins 1\u00aa Direcci\u00f3n: CAMI [&hellip;]","og_url":"https:\/\/campingrifort.com\/es\/aviso-legal\/","og_site_name":"C\u00e0mping Rifort","article_publisher":"https:\/\/www.facebook.com\/campingrifort","article_modified_time":"2023-04-19T11:25:57+00:00","twitter_card":"summary_large_image","twitter_misc":{"Tiempo de lectura":"2 minutos"},"schema":{"@context":"https:\/\/schema.org","@graph":[{"@type":"WebPage","@id":"https:\/\/campingrifort.com\/es\/aviso-legal\/","url":"https:\/\/campingrifort.com\/es\/aviso-legal\/","name":"Aviso Legal - C\u00e0mping Rifort","isPartOf":{"@id":"https:\/\/campingrifort.com\/es\/#website"},"datePublished":"2023-01-16T12:25:25+00:00","dateModified":"2023-04-19T11:25:57+00:00","breadcrumb":{"@id":"https:\/\/campingrifort.com\/es\/aviso-legal\/#breadcrumb"},"inLanguage":"es","potentialAction":[{"@type":"ReadAction","target":["https:\/\/campingrifort.com\/es\/aviso-legal\/"]}]},{"@type":"BreadcrumbList","@id":"https:\/\/campingrifort.com\/es\/aviso-legal\/#breadcrumb","itemListElement":[{"@type":"ListItem","position":1,"name":"Inici","item":"https:\/\/campingrifort.com\/es\/"},{"@type":"ListItem","position":2,"name":"Aviso Legal"}]},{"@type":"WebSite","@id":"https:\/\/campingrifort.com\/es\/#website","url":"https:\/\/campingrifort.com\/es\/","name":"C\u00e0mping Rifort","description":"El c\u00e0mping de tota la fam\u00edlia a l&#039;Estartit, Costa Brava","publisher":{"@id":"https:\/\/campingrifort.com\/es\/#organization"},"potentialAction":[{"@type":"SearchAction","target":{"@type":"EntryPoint","urlTemplate":"https:\/\/campingrifort.com\/es\/?s={search_term_string}"},"query-input":{"@type":"PropertyValueSpecification","valueRequired":true,"valueName":"search_term_string"}}],"inLanguage":"es"},{"@type":"Organization","@id":"https:\/\/campingrifort.com\/es\/#organization","name":"C\u00e0mping Rifort","url":"https:\/\/campingrifort.com\/es\/","logo":{"@type":"ImageObject","inLanguage":"es","@id":"https:\/\/campingrifort.com\/es\/#\/schema\/logo\/image\/","url":"https:\/\/campingrifort.com\/wp-content\/uploads\/2022\/11\/CAMPING-RIFORT-Logo.jpg","contentUrl":"https:\/\/campingrifort.com\/wp-content\/uploads\/2022\/11\/CAMPING-RIFORT-Logo.jpg","width":350,"height":100,"caption":"C\u00e0mping Rifort"},"image":{"@id":"https:\/\/campingrifort.com\/es\/#\/schema\/logo\/image\/"},"sameAs":["https:\/\/www.facebook.com\/campingrifort","https:\/\/www.instagram.com\/campingrifort\/"]}]}},"_links":{"self":[{"href":"https:\/\/campingrifort.com\/es\/wp-json\/wp\/v2\/pages\/3264","targetHints":{"allow":["GET"]}}],"collection":[{"href":"https:\/\/campingrifort.com\/es\/wp-json\/wp\/v2\/pages"}],"about":[{"href":"https:\/\/campingrifort.com\/es\/wp-json\/wp\/v2\/types\/page"}],"author":[{"embeddable":true,"href":"https:\/\/campingrifort.com\/es\/wp-json\/wp\/v2\/users\/1"}],"replies":[{"embeddable":true,"href":"https:\/\/campingrifort.com\/es\/wp-json\/wp\/v2\/comments?post=3264"}],"version-history":[{"count":0,"href":"https:\/\/campingrifort.com\/es\/wp-json\/wp\/v2\/pages\/3264\/revisions"}],"wp:attachment":[{"href":"https:\/\/campingrifort.com\/es\/wp-json\/wp\/v2\/media?parent=3264"}],"curies":[{"name":"wp","href":"https:\/\/api.w.org\/{rel}","templated":true}]}}