{"id":3256,"date":"2023-01-16T13:21:45","date_gmt":"2023-01-16T12:21:45","guid":{"rendered":"https:\/\/campingrifort.com\/cookies-policy\/"},"modified":"2025-02-27T11:54:43","modified_gmt":"2025-02-27T10:54:43","slug":"cookies-policy","status":"publish","type":"page","link":"https:\/\/campingrifort.com\/en\/cookies-policy\/","title":{"rendered":"Cookies policy"},"content":{"rendered":"\t\t<div data-elementor-type=\"wp-page\" data-elementor-id=\"3256\" class=\"elementor elementor-3256 elementor-1597\" data-elementor-post-type=\"page\">\n\t\t\t\t\t\t<section class=\"elementor-section elementor-top-section elementor-element elementor-element-f14f18f elementor-section-boxed elementor-section-height-default elementor-section-height-default\" data-id=\"f14f18f\" data-element_type=\"section\" data-e-type=\"section\" data-settings=\"{&quot;jet_parallax_layout_list&quot;:[]}\">\n\t\t\t\t\t\t<div class=\"elementor-container elementor-column-gap-default\">\n\t\t\t\t\t<div class=\"elementor-column elementor-col-100 elementor-top-column elementor-element elementor-element-f5473d4\" data-id=\"f5473d4\" data-element_type=\"column\" data-e-type=\"column\">\n\t\t\t<div class=\"elementor-widget-wrap elementor-element-populated\">\n\t\t\t\t\t\t<div class=\"elementor-element elementor-element-b817bd7 elementor-widget elementor-widget-spacer\" data-id=\"b817bd7\" data-element_type=\"widget\" data-e-type=\"widget\" data-widget_type=\"spacer.default\">\n\t\t\t\t<div class=\"elementor-widget-container\">\n\t\t\t\t\t\t\t<div class=\"elementor-spacer\">\n\t\t\t<div class=\"elementor-spacer-inner\"><\/div>\n\t\t<\/div>\n\t\t\t\t\t\t<\/div>\n\t\t\t\t<\/div>\n\t\t\t\t<div class=\"elementor-element elementor-element-eda7f14 elementor-widget elementor-widget-heading\" data-id=\"eda7f14\" data-element_type=\"widget\" data-e-type=\"widget\" data-widget_type=\"heading.default\">\n\t\t\t\t<div class=\"elementor-widget-container\">\n\t\t\t\t\t<h2 class=\"elementor-heading-title elementor-size-default\">COOKIES POLICY<\/h2>\t\t\t\t<\/div>\n\t\t\t\t<\/div>\n\t\t\t\t<div class=\"elementor-element elementor-element-fea5a35 elementor-widget elementor-widget-spacer\" data-id=\"fea5a35\" data-element_type=\"widget\" data-e-type=\"widget\" data-widget_type=\"spacer.default\">\n\t\t\t\t<div class=\"elementor-widget-container\">\n\t\t\t\t\t\t\t<div class=\"elementor-spacer\">\n\t\t\t<div class=\"elementor-spacer-inner\"><\/div>\n\t\t<\/div>\n\t\t\t\t\t\t<\/div>\n\t\t\t\t<\/div>\n\t\t\t\t\t<\/div>\n\t\t<\/div>\n\t\t\t\t\t<\/div>\n\t\t<\/section>\n\t\t\t\t<section class=\"elementor-section elementor-top-section elementor-element elementor-element-b0cd195 elementor-section-boxed elementor-section-height-default elementor-section-height-default\" data-id=\"b0cd195\" data-element_type=\"section\" data-e-type=\"section\" data-settings=\"{&quot;jet_parallax_layout_list&quot;:[]}\">\n\t\t\t\t\t\t<div class=\"elementor-container elementor-column-gap-default\">\n\t\t\t\t\t<div class=\"elementor-column elementor-col-100 elementor-top-column elementor-element elementor-element-6b0cf07\" data-id=\"6b0cf07\" data-element_type=\"column\" data-e-type=\"column\">\n\t\t\t<div class=\"elementor-widget-wrap elementor-element-populated\">\n\t\t\t\t\t\t<div class=\"elementor-element elementor-element-99b6da8 elementor-widget elementor-widget-text-editor\" data-id=\"99b6da8\" data-element_type=\"widget\" data-e-type=\"widget\" data-widget_type=\"text-editor.default\">\n\t\t\t\t<div class=\"elementor-widget-container\">\n\t\t\t\t\t\t\t\t\t<p>CAMPING RIFORT, SA (), through this document, includes its policy for the collection and treatment of cookies, in compliance with the provisions of article 22.2 of Law 34\/2002, of July 11, on Services of the Society of Information and Electronic Commerce (LSSICE).<\/p>\n<p>The cookies are stored in the user&#8217;s terminal equipment (computer or mobile device) and collect information when visiting the website www.campingrifort.com, with the purpose of improving its usability, knowing the habits or navigation needs of the users to be able to adapt to them, as well as to obtain information for statistical purposes. In the case of those users who are already clients of CAMPING RIFORT, SA (), the information collected with cookies will also serve for their identification when accessing the different tools that CAMPING RIFORT, SA () makes available for the management of the services.<\/p>\n<p>This Cookies Policy will apply to those users who voluntarily visit the web pages of CAMPING RIFORT, SA (), fill out data collection forms, access the tools that CAMPING RIFORT, SA () makes available to its clients to manage their services, or use any other service present on the website that involves the communication of data to CAMPING RIFORT, SA (), or the access to data by CAMPING RIFORT, SA (), for the provision of their services.<\/p>\n<p>CAMPING RIFORT, SA () informs the users of its web pages of the existence of cookies and makes this Policy available to them in order to inform them about their use and purpose. The act of continuing to browse through its pages implies knowledge and acceptance of this Policy on the part of said users.<\/p>\n<p>CAMPING RIFORT, SA () uses the following types of cookies:<\/p>\n<p>Classified by ownership:<\/p>\n<p>* Own cookies: sent and managed directly by CAMPING RIFORT, SA.<\/p>\n<p>* Third-party cookies: sent and managed by a third party outside CAMPING RIFORT, SA, anonymously, with the purpose of carrying out statistical studies of navigation on the web pages of CAMPING RIFORT, SA.<\/p>\n<p>Classified by purpose:<\/p>\n<p>* Technical and\/or personalization cookies: they facilitate navigation, by identifying the session, allowing access to restricted access tools, as well as customizing the available options. They enable the provision of the service previously requested by the user.<\/p>\n<p>* Analysis and\/or advertising cookies: they allow to know the number of visits received in the different sections of the web pages, the habits and tendencies of its users and consequently, to be able to improve navigation and the service offered by CAMPING RIFORT, SA ( fundamentally, Google Analytics), as well as manage the advertising spaces included in the web page visited by the user. It collects data anonymously in order to obtain user browsing profiles.<\/p>\n<p>Classified by duration:<\/p>\n<p>* Session cookies: collect and store data while the user accesses the web page.<\/p>\n<p>* Persistent cookies: collect and store data on the user&#8217;s terminal for a variable period of time depending on the purpose for which they have been used.<\/p>\n<p>The storage time of the cookies will depend on the type in question and will always be the minimum necessary to fulfill its purpose.<\/p>\n<p>In any case, users can configure their browser so that it disables or blocks the reception of all or some of the cookies. The fact that you do not wish to receive these cookies does not constitute an impediment to being able to access the information on the websites of CAMPING RIFORT, SA although the use of some services may be limited. If, once the consent for the reception of cookies has been granted, it is desired to withdraw it, those stored on the user&#8217;s computer must be deleted, through the options of the different browsers.<\/p>\n<p>The way to configure the different browsers to carry out the actions indicated in the previous paragraphs can be consulted in:<\/p>\n<p>* Explorer: http:\/\/windows.microsoft.com\/es-es\/windows7\/how-to-manage-cookies-in-internet-explorer-9<\/p>\n<p>* Chrome: https:\/\/support.google.com\/chrome\/answer\/95647?hl=es<\/p>\n<p>* Firefox: http:\/\/support.mozilla.org\/es\/kb\/cookies-informacion-que-los-sitios-web-guardan-en-?redirectlocale=en-US&amp;redirectslug=Cookies<\/p>\n<p>_______________________________<\/p>\n<p>Other data to be included on the website depending on the service or product offered by the company:<\/p>\n<p>&#8211; Codes of conduct to which they adhere.<\/p>\n<p>\u2013 Data relating to the administrative authorization necessary for the exercise of the activity.<\/p>\n<p>\u2013 Data of association and academic title of professionals who exercise a regulated activity.<\/p>\n<p>\u2013 Additional information when the service is accessed by means of an additional tariff telephone number.<\/p>\n<p>&#8211; If you also make online contracts, you must add the following information prior to the contracting process:<\/p>\n<p>* Procedures to be followed to hire online.<\/p>\n<p>* If the electronic document of the contract will be archived and if it will be accessible.<\/p>\n<p>* Technical means to identify and correct errors in data entry.<\/p>\n<p>* Language or languages in which the contract can be formalized.<\/p>\n<p>* General conditions to which, if applicable, the contract is subject.<\/p>\n<p>* Confirm the conclusion of the contract electronically, by sending an acknowledgment of receipt of the order made.<\/p>\n\t\t\t\t\t\t\t\t<\/div>\n\t\t\t\t<\/div>\n\t\t\t\t\t<\/div>\n\t\t<\/div>\n\t\t\t\t\t<\/div>\n\t\t<\/section>\n\t\t\t\t<section class=\"elementor-section elementor-top-section elementor-element elementor-element-56b2c0e elementor-section-boxed elementor-section-height-default elementor-section-height-default\" data-id=\"56b2c0e\" data-element_type=\"section\" data-e-type=\"section\" data-settings=\"{&quot;jet_parallax_layout_list&quot;:[],&quot;background_background&quot;:&quot;classic&quot;}\">\n\t\t\t\t\t\t<div class=\"elementor-container elementor-column-gap-default\">\n\t\t\t\t\t<div class=\"elementor-column elementor-col-100 elementor-top-column elementor-element elementor-element-e70e2c2\" data-id=\"e70e2c2\" data-element_type=\"column\" data-e-type=\"column\">\n\t\t\t<div class=\"elementor-widget-wrap elementor-element-populated\">\n\t\t\t\t\t\t<div class=\"elementor-element elementor-element-b5ec8c0 elementor-widget-divider--view-line elementor-widget elementor-widget-divider\" data-id=\"b5ec8c0\" data-element_type=\"widget\" data-e-type=\"widget\" data-widget_type=\"divider.default\">\n\t\t\t\t<div class=\"elementor-widget-container\">\n\t\t\t\t\t\t\t<div class=\"elementor-divider\">\n\t\t\t<span class=\"elementor-divider-separator\">\n\t\t\t\t\t\t<\/span>\n\t\t<\/div>\n\t\t\t\t\t\t<\/div>\n\t\t\t\t<\/div>\n\t\t\t\t\t<\/div>\n\t\t<\/div>\n\t\t\t\t\t<\/div>\n\t\t<\/section>\n\t\t\t\t<section class=\"elementor-section elementor-top-section elementor-element elementor-element-50cfd26 elementor-section-boxed elementor-section-height-default elementor-section-height-default\" data-id=\"50cfd26\" data-element_type=\"section\" data-e-type=\"section\" data-settings=\"{&quot;jet_parallax_layout_list&quot;:[]}\">\n\t\t\t\t\t\t<div class=\"elementor-container elementor-column-gap-default\">\n\t\t\t\t\t<div class=\"elementor-column elementor-col-50 elementor-top-column elementor-element elementor-element-8c14aa1\" data-id=\"8c14aa1\" data-element_type=\"column\" data-e-type=\"column\">\n\t\t\t<div class=\"elementor-widget-wrap elementor-element-populated\">\n\t\t\t\t\t\t<div class=\"elementor-element elementor-element-9909588 elementor-align-center elementor-mobile-align-justify elementor-invisible elementor-widget elementor-widget-button\" data-id=\"9909588\" data-element_type=\"widget\" data-e-type=\"widget\" data-settings=\"{&quot;_animation&quot;:&quot;zoomIn&quot;,&quot;_animation_delay&quot;:300}\" data-widget_type=\"button.default\">\n\t\t\t\t<div class=\"elementor-widget-container\">\n\t\t\t\t\t\t\t\t\t<div class=\"elementor-button-wrapper\">\n\t\t\t\t\t<a class=\"elementor-button elementor-button-link elementor-size-sm\" href=\"https:\/\/campingrifort.com\/en\/legal-warning\/\">\n\t\t\t\t\t\t<span class=\"elementor-button-content-wrapper\">\n\t\t\t\t\t\t\t\t\t<span class=\"elementor-button-text\">LEGAL WARNING<\/span>\n\t\t\t\t\t<\/span>\n\t\t\t\t\t<\/a>\n\t\t\t\t<\/div>\n\t\t\t\t\t\t\t\t<\/div>\n\t\t\t\t<\/div>\n\t\t\t\t\t<\/div>\n\t\t<\/div>\n\t\t\t\t<div class=\"elementor-column elementor-col-50 elementor-top-column elementor-element elementor-element-0cef243\" data-id=\"0cef243\" data-element_type=\"column\" data-e-type=\"column\">\n\t\t\t<div class=\"elementor-widget-wrap elementor-element-populated\">\n\t\t\t\t\t\t<div class=\"elementor-element elementor-element-a464126 elementor-align-center elementor-mobile-align-justify elementor-invisible elementor-widget elementor-widget-button\" data-id=\"a464126\" data-element_type=\"widget\" data-e-type=\"widget\" data-settings=\"{&quot;_animation&quot;:&quot;zoomIn&quot;,&quot;_animation_delay&quot;:300}\" data-widget_type=\"button.default\">\n\t\t\t\t<div class=\"elementor-widget-container\">\n\t\t\t\t\t\t\t\t\t<div class=\"elementor-button-wrapper\">\n\t\t\t\t\t<a class=\"elementor-button elementor-button-link elementor-size-sm\" href=\"https:\/\/campingrifort.com\/en\/privacy-policy\/\">\n\t\t\t\t\t\t<span class=\"elementor-button-content-wrapper\">\n\t\t\t\t\t\t\t\t\t<span class=\"elementor-button-text\">PRIVACY POLICY<\/span>\n\t\t\t\t\t<\/span>\n\t\t\t\t\t<\/a>\n\t\t\t\t<\/div>\n\t\t\t\t\t\t\t\t<\/div>\n\t\t\t\t<\/div>\n\t\t\t\t\t<\/div>\n\t\t<\/div>\n\t\t\t\t\t<\/div>\n\t\t<\/section>\n\t\t\t\t<section class=\"elementor-section elementor-top-section elementor-element elementor-element-1dbe27d elementor-hidden-mobile elementor-section-boxed elementor-section-height-default elementor-section-height-default\" data-id=\"1dbe27d\" data-element_type=\"section\" data-e-type=\"section\" data-settings=\"{&quot;jet_parallax_layout_list&quot;:[]}\">\n\t\t\t\t\t\t<div class=\"elementor-container elementor-column-gap-default\">\n\t\t\t\t\t<div class=\"elementor-column elementor-col-100 elementor-top-column elementor-element elementor-element-6e3bcf0\" data-id=\"6e3bcf0\" data-element_type=\"column\" data-e-type=\"column\">\n\t\t\t<div class=\"elementor-widget-wrap elementor-element-populated\">\n\t\t\t\t\t\t<div class=\"elementor-element elementor-element-5bbd805 elementor-hidden-mobile elementor-widget elementor-widget-spacer\" data-id=\"5bbd805\" data-element_type=\"widget\" data-e-type=\"widget\" data-widget_type=\"spacer.default\">\n\t\t\t\t<div class=\"elementor-widget-container\">\n\t\t\t\t\t\t\t<div class=\"elementor-spacer\">\n\t\t\t<div class=\"elementor-spacer-inner\"><\/div>\n\t\t<\/div>\n\t\t\t\t\t\t<\/div>\n\t\t\t\t<\/div>\n\t\t\t\t\t<\/div>\n\t\t<\/div>\n\t\t\t\t\t<\/div>\n\t\t<\/section>\n\t\t\t\t<\/div>\n\t\t","protected":false},"excerpt":{"rendered":"<p>COOKIES POLICY CAMPING RIFORT, SA (), through this document, includes its policy for the collection and treatment of cookies, in compliance with the provisions of article 22.2 of Law 34\/2002, of July 11, on Services of the Society of Information and Electronic Commerce (LSSICE). The cookies are stored in the user&#8217;s terminal equipment (computer or [&hellip;]<\/p>\n","protected":false},"author":1,"featured_media":0,"parent":0,"menu_order":0,"comment_status":"closed","ping_status":"closed","template":"elementor_header_footer","meta":{"footnotes":""},"class_list":["post-3256","page","type-page","status-publish","hentry"],"yoast_head":"<!-- This site is optimized with the Yoast SEO plugin v27.3 - https:\/\/yoast.com\/product\/yoast-seo-wordpress\/ -->\n<title>Cookies policy - C\u00e0mping Rifort<\/title>\n<meta name=\"robots\" content=\"index, follow, max-snippet:-1, max-image-preview:large, max-video-preview:-1\" \/>\n<link rel=\"canonical\" href=\"https:\/\/campingrifort.com\/en\/cookies-policy\/\" \/>\n<meta property=\"og:locale\" content=\"en_US\" \/>\n<meta property=\"og:type\" content=\"article\" \/>\n<meta property=\"og:title\" content=\"Cookies policy - C\u00e0mping Rifort\" \/>\n<meta property=\"og:description\" content=\"COOKIES POLICY CAMPING RIFORT, SA (), through this document, includes its policy for the collection and treatment of cookies, in compliance with the provisions of article 22.2 of Law 34\/2002, of July 11, on Services of the Society of Information and Electronic Commerce (LSSICE). The cookies are stored in the user&#8217;s terminal equipment (computer or [&hellip;]\" \/>\n<meta property=\"og:url\" content=\"https:\/\/campingrifort.com\/en\/cookies-policy\/\" \/>\n<meta property=\"og:site_name\" content=\"C\u00e0mping Rifort\" \/>\n<meta property=\"article:publisher\" content=\"https:\/\/www.facebook.com\/campingrifort\" \/>\n<meta property=\"article:modified_time\" content=\"2025-02-27T10:54:43+00:00\" \/>\n<meta name=\"twitter:card\" content=\"summary_large_image\" \/>\n<meta name=\"twitter:label1\" content=\"Est. reading time\" \/>\n\t<meta name=\"twitter:data1\" content=\"4 minutes\" \/>\n<script type=\"application\/ld+json\" class=\"yoast-schema-graph\">{\"@context\":\"https:\\\/\\\/schema.org\",\"@graph\":[{\"@type\":\"WebPage\",\"@id\":\"https:\\\/\\\/campingrifort.com\\\/en\\\/cookies-policy\\\/\",\"url\":\"https:\\\/\\\/campingrifort.com\\\/en\\\/cookies-policy\\\/\",\"name\":\"Cookies policy - C\u00e0mping Rifort\",\"isPartOf\":{\"@id\":\"https:\\\/\\\/campingrifort.com\\\/en\\\/#website\"},\"datePublished\":\"2023-01-16T12:21:45+00:00\",\"dateModified\":\"2025-02-27T10:54:43+00:00\",\"breadcrumb\":{\"@id\":\"https:\\\/\\\/campingrifort.com\\\/en\\\/cookies-policy\\\/#breadcrumb\"},\"inLanguage\":\"en-US\",\"potentialAction\":[{\"@type\":\"ReadAction\",\"target\":[\"https:\\\/\\\/campingrifort.com\\\/en\\\/cookies-policy\\\/\"]}]},{\"@type\":\"BreadcrumbList\",\"@id\":\"https:\\\/\\\/campingrifort.com\\\/en\\\/cookies-policy\\\/#breadcrumb\",\"itemListElement\":[{\"@type\":\"ListItem\",\"position\":1,\"name\":\"Inici\",\"item\":\"https:\\\/\\\/campingrifort.com\\\/en\\\/\"},{\"@type\":\"ListItem\",\"position\":2,\"name\":\"Cookies policy\"}]},{\"@type\":\"WebSite\",\"@id\":\"https:\\\/\\\/campingrifort.com\\\/en\\\/#website\",\"url\":\"https:\\\/\\\/campingrifort.com\\\/en\\\/\",\"name\":\"C\u00e0mping Rifort\",\"description\":\"El c\u00e0mping de tota la fam\u00edlia a l&#039;Estartit, Costa Brava\",\"publisher\":{\"@id\":\"https:\\\/\\\/campingrifort.com\\\/en\\\/#organization\"},\"potentialAction\":[{\"@type\":\"SearchAction\",\"target\":{\"@type\":\"EntryPoint\",\"urlTemplate\":\"https:\\\/\\\/campingrifort.com\\\/en\\\/?s={search_term_string}\"},\"query-input\":{\"@type\":\"PropertyValueSpecification\",\"valueRequired\":true,\"valueName\":\"search_term_string\"}}],\"inLanguage\":\"en-US\"},{\"@type\":\"Organization\",\"@id\":\"https:\\\/\\\/campingrifort.com\\\/en\\\/#organization\",\"name\":\"C\u00e0mping Rifort\",\"url\":\"https:\\\/\\\/campingrifort.com\\\/en\\\/\",\"logo\":{\"@type\":\"ImageObject\",\"inLanguage\":\"en-US\",\"@id\":\"https:\\\/\\\/campingrifort.com\\\/en\\\/#\\\/schema\\\/logo\\\/image\\\/\",\"url\":\"https:\\\/\\\/campingrifort.com\\\/wp-content\\\/uploads\\\/2022\\\/11\\\/CAMPING-RIFORT-Logo.jpg\",\"contentUrl\":\"https:\\\/\\\/campingrifort.com\\\/wp-content\\\/uploads\\\/2022\\\/11\\\/CAMPING-RIFORT-Logo.jpg\",\"width\":350,\"height\":100,\"caption\":\"C\u00e0mping Rifort\"},\"image\":{\"@id\":\"https:\\\/\\\/campingrifort.com\\\/en\\\/#\\\/schema\\\/logo\\\/image\\\/\"},\"sameAs\":[\"https:\\\/\\\/www.facebook.com\\\/campingrifort\",\"https:\\\/\\\/www.instagram.com\\\/campingrifort\\\/\"]}]}<\/script>\n<!-- \/ Yoast SEO plugin. -->","yoast_head_json":{"title":"Cookies policy - C\u00e0mping Rifort","robots":{"index":"index","follow":"follow","max-snippet":"max-snippet:-1","max-image-preview":"max-image-preview:large","max-video-preview":"max-video-preview:-1"},"canonical":"https:\/\/campingrifort.com\/en\/cookies-policy\/","og_locale":"en_US","og_type":"article","og_title":"Cookies policy - C\u00e0mping Rifort","og_description":"COOKIES POLICY CAMPING RIFORT, SA (), through this document, includes its policy for the collection and treatment of cookies, in compliance with the provisions of article 22.2 of Law 34\/2002, of July 11, on Services of the Society of Information and Electronic Commerce (LSSICE). The cookies are stored in the user&#8217;s terminal equipment (computer or [&hellip;]","og_url":"https:\/\/campingrifort.com\/en\/cookies-policy\/","og_site_name":"C\u00e0mping Rifort","article_publisher":"https:\/\/www.facebook.com\/campingrifort","article_modified_time":"2025-02-27T10:54:43+00:00","twitter_card":"summary_large_image","twitter_misc":{"Est. reading time":"4 minutes"},"schema":{"@context":"https:\/\/schema.org","@graph":[{"@type":"WebPage","@id":"https:\/\/campingrifort.com\/en\/cookies-policy\/","url":"https:\/\/campingrifort.com\/en\/cookies-policy\/","name":"Cookies policy - C\u00e0mping Rifort","isPartOf":{"@id":"https:\/\/campingrifort.com\/en\/#website"},"datePublished":"2023-01-16T12:21:45+00:00","dateModified":"2025-02-27T10:54:43+00:00","breadcrumb":{"@id":"https:\/\/campingrifort.com\/en\/cookies-policy\/#breadcrumb"},"inLanguage":"en-US","potentialAction":[{"@type":"ReadAction","target":["https:\/\/campingrifort.com\/en\/cookies-policy\/"]}]},{"@type":"BreadcrumbList","@id":"https:\/\/campingrifort.com\/en\/cookies-policy\/#breadcrumb","itemListElement":[{"@type":"ListItem","position":1,"name":"Inici","item":"https:\/\/campingrifort.com\/en\/"},{"@type":"ListItem","position":2,"name":"Cookies policy"}]},{"@type":"WebSite","@id":"https:\/\/campingrifort.com\/en\/#website","url":"https:\/\/campingrifort.com\/en\/","name":"C\u00e0mping Rifort","description":"El c\u00e0mping de tota la fam\u00edlia a l&#039;Estartit, Costa Brava","publisher":{"@id":"https:\/\/campingrifort.com\/en\/#organization"},"potentialAction":[{"@type":"SearchAction","target":{"@type":"EntryPoint","urlTemplate":"https:\/\/campingrifort.com\/en\/?s={search_term_string}"},"query-input":{"@type":"PropertyValueSpecification","valueRequired":true,"valueName":"search_term_string"}}],"inLanguage":"en-US"},{"@type":"Organization","@id":"https:\/\/campingrifort.com\/en\/#organization","name":"C\u00e0mping Rifort","url":"https:\/\/campingrifort.com\/en\/","logo":{"@type":"ImageObject","inLanguage":"en-US","@id":"https:\/\/campingrifort.com\/en\/#\/schema\/logo\/image\/","url":"https:\/\/campingrifort.com\/wp-content\/uploads\/2022\/11\/CAMPING-RIFORT-Logo.jpg","contentUrl":"https:\/\/campingrifort.com\/wp-content\/uploads\/2022\/11\/CAMPING-RIFORT-Logo.jpg","width":350,"height":100,"caption":"C\u00e0mping Rifort"},"image":{"@id":"https:\/\/campingrifort.com\/en\/#\/schema\/logo\/image\/"},"sameAs":["https:\/\/www.facebook.com\/campingrifort","https:\/\/www.instagram.com\/campingrifort\/"]}]}},"_links":{"self":[{"href":"https:\/\/campingrifort.com\/en\/wp-json\/wp\/v2\/pages\/3256","targetHints":{"allow":["GET"]}}],"collection":[{"href":"https:\/\/campingrifort.com\/en\/wp-json\/wp\/v2\/pages"}],"about":[{"href":"https:\/\/campingrifort.com\/en\/wp-json\/wp\/v2\/types\/page"}],"author":[{"embeddable":true,"href":"https:\/\/campingrifort.com\/en\/wp-json\/wp\/v2\/users\/1"}],"replies":[{"embeddable":true,"href":"https:\/\/campingrifort.com\/en\/wp-json\/wp\/v2\/comments?post=3256"}],"version-history":[{"count":1,"href":"https:\/\/campingrifort.com\/en\/wp-json\/wp\/v2\/pages\/3256\/revisions"}],"predecessor-version":[{"id":5193,"href":"https:\/\/campingrifort.com\/en\/wp-json\/wp\/v2\/pages\/3256\/revisions\/5193"}],"wp:attachment":[{"href":"https:\/\/campingrifort.com\/en\/wp-json\/wp\/v2\/media?parent=3256"}],"curies":[{"name":"wp","href":"https:\/\/api.w.org\/{rel}","templated":true}]}}