{"id":3248,"date":"2023-01-16T13:21:45","date_gmt":"2023-01-16T12:21:45","guid":{"rendered":"https:\/\/campingrifort.com\/cookie-richtlinie\/"},"modified":"2023-04-19T13:25:57","modified_gmt":"2023-04-19T11:25:57","slug":"cookie-richtlinie","status":"publish","type":"page","link":"https:\/\/campingrifort.com\/de\/cookie-richtlinie\/","title":{"rendered":"Cookie-Richtlinie"},"content":{"rendered":"\t\t<div data-elementor-type=\"wp-page\" data-elementor-id=\"3248\" class=\"elementor elementor-3248 elementor-1597\" data-elementor-post-type=\"page\">\n\t\t\t\t\t\t<section class=\"elementor-section elementor-top-section elementor-element elementor-element-f14f18f elementor-section-boxed elementor-section-height-default elementor-section-height-default\" data-id=\"f14f18f\" data-element_type=\"section\" data-e-type=\"section\" data-settings=\"{&quot;jet_parallax_layout_list&quot;:[]}\">\n\t\t\t\t\t\t<div class=\"elementor-container elementor-column-gap-default\">\n\t\t\t\t\t<div class=\"elementor-column elementor-col-100 elementor-top-column elementor-element elementor-element-f5473d4\" data-id=\"f5473d4\" data-element_type=\"column\" data-e-type=\"column\">\n\t\t\t<div class=\"elementor-widget-wrap elementor-element-populated\">\n\t\t\t\t\t\t<div class=\"elementor-element elementor-element-b817bd7 elementor-widget elementor-widget-spacer\" data-id=\"b817bd7\" data-element_type=\"widget\" data-e-type=\"widget\" data-widget_type=\"spacer.default\">\n\t\t\t\t<div class=\"elementor-widget-container\">\n\t\t\t\t\t\t\t<div class=\"elementor-spacer\">\n\t\t\t<div class=\"elementor-spacer-inner\"><\/div>\n\t\t<\/div>\n\t\t\t\t\t\t<\/div>\n\t\t\t\t<\/div>\n\t\t\t\t<div class=\"elementor-element elementor-element-eda7f14 elementor-widget elementor-widget-heading\" data-id=\"eda7f14\" data-element_type=\"widget\" data-e-type=\"widget\" data-widget_type=\"heading.default\">\n\t\t\t\t<div class=\"elementor-widget-container\">\n\t\t\t\t\t<h2 class=\"elementor-heading-title elementor-size-default\">COOKIES-RICHTLINIE<\/h2>\t\t\t\t<\/div>\n\t\t\t\t<\/div>\n\t\t\t\t<div class=\"elementor-element elementor-element-fea5a35 elementor-widget elementor-widget-spacer\" data-id=\"fea5a35\" data-element_type=\"widget\" data-e-type=\"widget\" data-widget_type=\"spacer.default\">\n\t\t\t\t<div class=\"elementor-widget-container\">\n\t\t\t\t\t\t\t<div class=\"elementor-spacer\">\n\t\t\t<div class=\"elementor-spacer-inner\"><\/div>\n\t\t<\/div>\n\t\t\t\t\t\t<\/div>\n\t\t\t\t<\/div>\n\t\t\t\t\t<\/div>\n\t\t<\/div>\n\t\t\t\t\t<\/div>\n\t\t<\/section>\n\t\t\t\t<section class=\"elementor-section elementor-top-section elementor-element elementor-element-b0cd195 elementor-section-boxed elementor-section-height-default elementor-section-height-default\" data-id=\"b0cd195\" data-element_type=\"section\" data-e-type=\"section\" data-settings=\"{&quot;jet_parallax_layout_list&quot;:[]}\">\n\t\t\t\t\t\t<div class=\"elementor-container elementor-column-gap-default\">\n\t\t\t\t\t<div class=\"elementor-column elementor-col-100 elementor-top-column elementor-element elementor-element-6b0cf07\" data-id=\"6b0cf07\" data-element_type=\"column\" data-e-type=\"column\">\n\t\t\t<div class=\"elementor-widget-wrap elementor-element-populated\">\n\t\t\t\t\t\t<div class=\"elementor-element elementor-element-99b6da8 elementor-widget elementor-widget-text-editor\" data-id=\"99b6da8\" data-element_type=\"widget\" data-e-type=\"widget\" data-widget_type=\"text-editor.default\">\n\t\t\t\t<div class=\"elementor-widget-container\">\n\t\t\t\t\t\t\t\t\t<p>CAMPING RIFORT, SA () enth\u00e4lt durch dieses Dokument seine Richtlinien f\u00fcr die Sammlung und Behandlung von Cookies in \u00dcbereinstimmung mit den Bestimmungen von Artikel 22.2 des Gesetzes 34\/2002 vom 11. Juli \u00fcber Dienste der Gesellschaft f\u00fcr Information und elektronischen Handel (LSSICE).<\/p>\n<p>Die Cookies werden auf dem Endger\u00e4t des Benutzers (Computer oder mobiles Ger\u00e4t) gespeichert und sammeln Informationen beim Besuch der Website www.campingrifort.com, mit dem Zweck, ihre Benutzerfreundlichkeit zu verbessern, die Gewohnheiten oder Navigationsbed\u00fcrfnisse der Benutzer zu kennen, um sich anpassen zu k\u00f6nnen ihnen zu \u00fcbermitteln sowie Informationen zu statistischen Zwecken zu erhalten. Im Fall von Benutzern, die bereits Kunden von CAMPING RIFORT, SA () sind, dienen die mit Cookies gesammelten Informationen auch ihrer Identifizierung beim Zugriff auf die verschiedenen Tools, die CAMPING RIFORT, SA () f\u00fcr die Verwaltung der Dienste bereitstellt<\/p>\n<p>Diese Cookie-Richtlinie gilt f\u00fcr diejenigen Benutzer, die freiwillig die Webseiten von CAMPING RIFORT, SA () besuchen, Datenerfassungsformulare ausf\u00fcllen, auf die Tools zugreifen, die CAMPING RIFORT, SA () seinen Kunden zur Verf\u00fcgung stellt, um ihre Dienste zu verwalten oder zu verwenden alle anderen auf der Website vorhandenen Dienste, die die \u00dcbermittlung von Daten an CAMPING RIFORT, SA () oder den Zugriff auf Daten durch CAMPING RIFORT, SA () zur Erbringung ihrer Dienste beinhalten.<\/p>\n<p>CAMPING RIFORT, SA () informiert die Benutzer seiner Webseiten \u00fcber das Vorhandensein von Cookies und stellt ihnen diese Richtlinie zur Verf\u00fcgung, um sie \u00fcber deren Verwendung und Zweck zu informieren. Das weitere Durchsuchen der Seiten impliziert die Kenntnis und Annahme dieser Richtlinie seitens der besagten Benutzer.<\/p>\n<p>CAMPING RIFORT, SA () verwendet die folgenden Arten von Cookies:<\/p>\n<p>Klassifiziert nach Besitz:<\/p>\n<p>* Eigene Cookies: direkt von CAMPING RIFORT, SA gesendet und verwaltet.<\/p>\n<p>* Cookies von Drittanbietern: anonym von einem Drittanbieter au\u00dferhalb von CAMPING RIFORT, SA gesendet und verwaltet, um statistische Studien zur Navigation auf den Webseiten von CAMPING RIFORT, SA durchzuf\u00fchren.<\/p>\n<p>Klassifiziert nach Zweck:<\/p>\n<p>* Technische und\/oder Personalisierungs-Cookies: Sie erleichtern die Navigation, indem sie die Sitzung identifizieren, den Zugriff auf Tools mit eingeschr\u00e4nktem Zugriff erm\u00f6glichen und die verf\u00fcgbaren Optionen anpassen. Sie erm\u00f6glichen die Bereitstellung des zuvor vom Benutzer angeforderten Dienstes.<\/p>\n<p>* Analyse- und\/oder Werbe-Cookies: Sie erm\u00f6glichen es, die Anzahl der Besuche in den verschiedenen Abschnitten der Webseiten, die Gewohnheiten und Tendenzen ihrer Benutzer zu kennen und folglich die Navigation und den von CAMPING RIFORT angebotenen Service zu verbessern, SA (grunds\u00e4tzlich Google Analytics), sowie die Werbefl\u00e4chen verwalten, die auf der vom Benutzer besuchten Webseite enthalten sind. Es sammelt Daten anonym, um Benutzer-Browsing-Profile zu erhalten.<\/p>\n<p>Klassifiziert nach Dauer:<\/p>\n<p>* Sitzungscookies: sammeln und speichern Daten, w\u00e4hrend der Benutzer auf die Webseite zugreift.<\/p>\n<p>* Permanente Cookies: sammeln und speichern Daten auf dem Endger\u00e4t des Benutzers f\u00fcr einen variablen Zeitraum, je nach Zweck, f\u00fcr den sie verwendet wurden.<\/p>\n<p>Die Speicherdauer der Cookies h\u00e4ngt von der jeweiligen Art ab und ist immer das Minimum, das zur Erf\u00fcllung ihres Zwecks erforderlich ist.<\/p>\n<p>In jedem Fall k\u00f6nnen Benutzer ihren Browser so konfigurieren, dass er den Empfang aller oder einiger Cookies deaktiviert oder blockiert. Die Tatsache, dass Sie diese Cookies nicht erhalten m\u00f6chten, stellt kein Hindernis f\u00fcr den Zugriff auf die Informationen auf den Websites von CAMPING RIFORT, SA dar, obwohl die Nutzung einiger Dienste eingeschr\u00e4nkt sein kann. Wenn die einmal erteilte Zustimmung zum Empfang von Cookies widerrufen werden soll, m\u00fcssen die auf dem Computer des Benutzers gespeicherten Cookies \u00fcber die Optionen der verschiedenen Browser gel\u00f6scht werden.<\/p>\n<p>Die Art und Weise, wie die verschiedenen Browser konfiguriert werden, um die in den vorherigen Abschnitten angegebenen Aktionen auszuf\u00fchren, kann eingesehen werden in:<\/p>\n<p>* Explorer: http:\/\/windows.microsoft.com\/es-es\/windows7\/how-to-manage-cookies-in-internet-explorer-9<\/p>\n<p>* Chrom: https:\/\/support.google.com\/chrome\/answer\/95647?hl=es<\/p>\n<p>* Firefox: http:\/\/support.mozilla.org\/es\/kb\/cookies-informacion-que-los-sitios-web-guardan-en-?redirectlocale=en-US&amp;redirectslug=Cookies<\/p>\n<p>_______________________________<\/p>\n<p>Weitere Daten, die je nach Dienstleistung oder Produkt des Unternehmens auf der Website enthalten sein m\u00fcssen:<\/p>\n<p>&#8211; Verhaltenskodizes, an die sie sich halten.<\/p>\n<p>\u2013 Daten in Bezug auf die f\u00fcr die Aus\u00fcbung der T\u00e4tigkeit erforderliche beh\u00f6rdliche Genehmigung.<\/p>\n<p>\u2013 Verbandsdaten und akademischer Titel von Berufsangeh\u00f6rigen, die eine reglementierte T\u00e4tigkeit aus\u00fcben.<\/p>\n<p>\u2013 Zus\u00e4tzliche Informationen bei Abruf des Dienstes \u00fcber eine zus\u00e4tzliche Tarifrufnummer.<\/p>\n<p>&#8211; Wenn Sie auch Online-Vertr\u00e4ge abschlie\u00dfen, m\u00fcssen Sie vor Vertragsabschluss folgende Angaben machen:<\/p>\n<p>* Verfahren, die bei der Online-Anmietung zu befolgen sind.<\/p>\n<p>* Ob das elektronische Vertragsdokument archiviert und zug\u00e4nglich gemacht wird.<\/p>\n<p>* Technische Mittel zur Identifizierung und Korrektur von Fehlern bei der Dateneingabe.<\/p>\n<p>* Sprache oder Sprachen, in denen der Vertrag formalisiert werden kann.<\/p>\n<p>* Allgemeine Bedingungen, denen der Vertrag ggf. unterliegt.<\/p>\n<p>* Best\u00e4tigen Sie den Vertragsschluss elektronisch, indem Sie eine Eingangsbest\u00e4tigung der get\u00e4tigten Bestellung versenden.<\/p>\n\t\t\t\t\t\t\t\t<\/div>\n\t\t\t\t<\/div>\n\t\t\t\t\t<\/div>\n\t\t<\/div>\n\t\t\t\t\t<\/div>\n\t\t<\/section>\n\t\t\t\t<section class=\"elementor-section elementor-top-section elementor-element elementor-element-56b2c0e elementor-section-boxed elementor-section-height-default elementor-section-height-default\" data-id=\"56b2c0e\" data-element_type=\"section\" data-e-type=\"section\" data-settings=\"{&quot;jet_parallax_layout_list&quot;:[],&quot;background_background&quot;:&quot;classic&quot;}\">\n\t\t\t\t\t\t<div class=\"elementor-container elementor-column-gap-default\">\n\t\t\t\t\t<div class=\"elementor-column elementor-col-100 elementor-top-column elementor-element elementor-element-e70e2c2\" data-id=\"e70e2c2\" data-element_type=\"column\" data-e-type=\"column\">\n\t\t\t<div class=\"elementor-widget-wrap elementor-element-populated\">\n\t\t\t\t\t\t<div class=\"elementor-element elementor-element-b5ec8c0 elementor-widget-divider--view-line elementor-widget elementor-widget-divider\" data-id=\"b5ec8c0\" data-element_type=\"widget\" data-e-type=\"widget\" data-widget_type=\"divider.default\">\n\t\t\t\t<div class=\"elementor-widget-container\">\n\t\t\t\t\t\t\t<div class=\"elementor-divider\">\n\t\t\t<span class=\"elementor-divider-separator\">\n\t\t\t\t\t\t<\/span>\n\t\t<\/div>\n\t\t\t\t\t\t<\/div>\n\t\t\t\t<\/div>\n\t\t\t\t\t<\/div>\n\t\t<\/div>\n\t\t\t\t\t<\/div>\n\t\t<\/section>\n\t\t\t\t<section class=\"elementor-section elementor-top-section elementor-element elementor-element-50cfd26 elementor-section-boxed elementor-section-height-default elementor-section-height-default\" data-id=\"50cfd26\" data-element_type=\"section\" data-e-type=\"section\" data-settings=\"{&quot;jet_parallax_layout_list&quot;:[]}\">\n\t\t\t\t\t\t<div class=\"elementor-container elementor-column-gap-default\">\n\t\t\t\t\t<div class=\"elementor-column elementor-col-50 elementor-top-column elementor-element elementor-element-8c14aa1\" data-id=\"8c14aa1\" data-element_type=\"column\" data-e-type=\"column\">\n\t\t\t<div class=\"elementor-widget-wrap elementor-element-populated\">\n\t\t\t\t\t\t<div class=\"elementor-element elementor-element-9909588 elementor-align-center elementor-mobile-align-justify elementor-invisible elementor-widget elementor-widget-button\" data-id=\"9909588\" data-element_type=\"widget\" data-e-type=\"widget\" data-settings=\"{&quot;_animation&quot;:&quot;zoomIn&quot;,&quot;_animation_delay&quot;:300}\" data-widget_type=\"button.default\">\n\t\t\t\t<div class=\"elementor-widget-container\">\n\t\t\t\t\t\t\t\t\t<div class=\"elementor-button-wrapper\">\n\t\t\t\t\t<a class=\"elementor-button elementor-button-link elementor-size-sm\" href=\"https:\/\/campingrifort.com\/de\/rechtlicher-hinweis\/\">\n\t\t\t\t\t\t<span class=\"elementor-button-content-wrapper\">\n\t\t\t\t\t\t\t\t\t<span class=\"elementor-button-text\">RECHTLICHE WARNUNG<\/span>\n\t\t\t\t\t<\/span>\n\t\t\t\t\t<\/a>\n\t\t\t\t<\/div>\n\t\t\t\t\t\t\t\t<\/div>\n\t\t\t\t<\/div>\n\t\t\t\t\t<\/div>\n\t\t<\/div>\n\t\t\t\t<div class=\"elementor-column elementor-col-50 elementor-top-column elementor-element elementor-element-0cef243\" data-id=\"0cef243\" data-element_type=\"column\" data-e-type=\"column\">\n\t\t\t<div class=\"elementor-widget-wrap elementor-element-populated\">\n\t\t\t\t\t\t<div class=\"elementor-element elementor-element-a464126 elementor-align-center elementor-mobile-align-justify elementor-invisible elementor-widget elementor-widget-button\" data-id=\"a464126\" data-element_type=\"widget\" data-e-type=\"widget\" data-settings=\"{&quot;_animation&quot;:&quot;zoomIn&quot;,&quot;_animation_delay&quot;:300}\" data-widget_type=\"button.default\">\n\t\t\t\t<div class=\"elementor-widget-container\">\n\t\t\t\t\t\t\t\t\t<div class=\"elementor-button-wrapper\">\n\t\t\t\t\t<a class=\"elementor-button elementor-button-link elementor-size-sm\" href=\"https:\/\/campingrifort.com\/de\/datenschutz-bestimmungen\/\">\n\t\t\t\t\t\t<span class=\"elementor-button-content-wrapper\">\n\t\t\t\t\t\t\t\t\t<span class=\"elementor-button-text\">DATENSCHUTZ-BESTIMMUNGEN<\/span>\n\t\t\t\t\t<\/span>\n\t\t\t\t\t<\/a>\n\t\t\t\t<\/div>\n\t\t\t\t\t\t\t\t<\/div>\n\t\t\t\t<\/div>\n\t\t\t\t\t<\/div>\n\t\t<\/div>\n\t\t\t\t\t<\/div>\n\t\t<\/section>\n\t\t\t\t<section class=\"elementor-section elementor-top-section elementor-element elementor-element-1dbe27d elementor-hidden-mobile elementor-section-boxed elementor-section-height-default elementor-section-height-default\" data-id=\"1dbe27d\" data-element_type=\"section\" data-e-type=\"section\" data-settings=\"{&quot;jet_parallax_layout_list&quot;:[]}\">\n\t\t\t\t\t\t<div class=\"elementor-container elementor-column-gap-default\">\n\t\t\t\t\t<div class=\"elementor-column elementor-col-100 elementor-top-column elementor-element elementor-element-6e3bcf0\" data-id=\"6e3bcf0\" data-element_type=\"column\" data-e-type=\"column\">\n\t\t\t<div class=\"elementor-widget-wrap elementor-element-populated\">\n\t\t\t\t\t\t<div class=\"elementor-element elementor-element-5bbd805 elementor-hidden-mobile elementor-widget elementor-widget-spacer\" data-id=\"5bbd805\" data-element_type=\"widget\" data-e-type=\"widget\" data-widget_type=\"spacer.default\">\n\t\t\t\t<div class=\"elementor-widget-container\">\n\t\t\t\t\t\t\t<div class=\"elementor-spacer\">\n\t\t\t<div class=\"elementor-spacer-inner\"><\/div>\n\t\t<\/div>\n\t\t\t\t\t\t<\/div>\n\t\t\t\t<\/div>\n\t\t\t\t\t<\/div>\n\t\t<\/div>\n\t\t\t\t\t<\/div>\n\t\t<\/section>\n\t\t\t\t<\/div>\n\t\t","protected":false},"excerpt":{"rendered":"<p>COOKIES-RICHTLINIE CAMPING RIFORT, SA () enth\u00e4lt durch dieses Dokument seine Richtlinien f\u00fcr die Sammlung und Behandlung von Cookies in \u00dcbereinstimmung mit den Bestimmungen von Artikel 22.2 des Gesetzes 34\/2002 vom 11. Juli \u00fcber Dienste der Gesellschaft f\u00fcr Information und elektronischen Handel (LSSICE). Die Cookies werden auf dem Endger\u00e4t des Benutzers (Computer oder mobiles Ger\u00e4t) gespeichert [&hellip;]<\/p>\n","protected":false},"author":1,"featured_media":0,"parent":0,"menu_order":0,"comment_status":"closed","ping_status":"closed","template":"elementor_header_footer","meta":{"footnotes":""},"class_list":["post-3248","page","type-page","status-publish","hentry"],"yoast_head":"<!-- This site is optimized with the Yoast SEO plugin v27.4 - https:\/\/yoast.com\/product\/yoast-seo-wordpress\/ -->\n<title>Cookie-Richtlinie - C\u00e0mping Rifort<\/title>\n<meta name=\"robots\" content=\"index, follow, max-snippet:-1, max-image-preview:large, max-video-preview:-1\" \/>\n<link rel=\"canonical\" href=\"https:\/\/campingrifort.com\/de\/cookie-richtlinie\/\" \/>\n<meta property=\"og:locale\" content=\"de_DE\" \/>\n<meta property=\"og:type\" content=\"article\" \/>\n<meta property=\"og:title\" content=\"Cookie-Richtlinie - C\u00e0mping Rifort\" \/>\n<meta property=\"og:description\" content=\"COOKIES-RICHTLINIE CAMPING RIFORT, SA () enth\u00e4lt durch dieses Dokument seine Richtlinien f\u00fcr die Sammlung und Behandlung von Cookies in \u00dcbereinstimmung mit den Bestimmungen von Artikel 22.2 des Gesetzes 34\/2002 vom 11. Juli \u00fcber Dienste der Gesellschaft f\u00fcr Information und elektronischen Handel (LSSICE). Die Cookies werden auf dem Endger\u00e4t des Benutzers (Computer oder mobiles Ger\u00e4t) gespeichert [&hellip;]\" \/>\n<meta property=\"og:url\" content=\"https:\/\/campingrifort.com\/de\/cookie-richtlinie\/\" \/>\n<meta property=\"og:site_name\" content=\"C\u00e0mping Rifort\" \/>\n<meta property=\"article:publisher\" content=\"https:\/\/www.facebook.com\/campingrifort\" \/>\n<meta property=\"article:modified_time\" content=\"2023-04-19T11:25:57+00:00\" \/>\n<meta name=\"twitter:card\" content=\"summary_large_image\" \/>\n<meta name=\"twitter:label1\" content=\"Gesch\u00e4tzte Lesezeit\" \/>\n\t<meta name=\"twitter:data1\" content=\"4\u00a0Minuten\" \/>\n<script type=\"application\/ld+json\" class=\"yoast-schema-graph\">{\"@context\":\"https:\\\/\\\/schema.org\",\"@graph\":[{\"@type\":\"WebPage\",\"@id\":\"https:\\\/\\\/campingrifort.com\\\/de\\\/cookie-richtlinie\\\/\",\"url\":\"https:\\\/\\\/campingrifort.com\\\/de\\\/cookie-richtlinie\\\/\",\"name\":\"Cookie-Richtlinie - C\u00e0mping Rifort\",\"isPartOf\":{\"@id\":\"https:\\\/\\\/campingrifort.com\\\/de\\\/#website\"},\"datePublished\":\"2023-01-16T12:21:45+00:00\",\"dateModified\":\"2023-04-19T11:25:57+00:00\",\"breadcrumb\":{\"@id\":\"https:\\\/\\\/campingrifort.com\\\/de\\\/cookie-richtlinie\\\/#breadcrumb\"},\"inLanguage\":\"de\",\"potentialAction\":[{\"@type\":\"ReadAction\",\"target\":[\"https:\\\/\\\/campingrifort.com\\\/de\\\/cookie-richtlinie\\\/\"]}]},{\"@type\":\"BreadcrumbList\",\"@id\":\"https:\\\/\\\/campingrifort.com\\\/de\\\/cookie-richtlinie\\\/#breadcrumb\",\"itemListElement\":[{\"@type\":\"ListItem\",\"position\":1,\"name\":\"Inici\",\"item\":\"https:\\\/\\\/campingrifort.com\\\/de\\\/\"},{\"@type\":\"ListItem\",\"position\":2,\"name\":\"Cookie-Richtlinie\"}]},{\"@type\":\"WebSite\",\"@id\":\"https:\\\/\\\/campingrifort.com\\\/de\\\/#website\",\"url\":\"https:\\\/\\\/campingrifort.com\\\/de\\\/\",\"name\":\"C\u00e0mping Rifort\",\"description\":\"El c\u00e0mping de tota la fam\u00edlia a l&#039;Estartit, Costa Brava\",\"publisher\":{\"@id\":\"https:\\\/\\\/campingrifort.com\\\/de\\\/#organization\"},\"potentialAction\":[{\"@type\":\"SearchAction\",\"target\":{\"@type\":\"EntryPoint\",\"urlTemplate\":\"https:\\\/\\\/campingrifort.com\\\/de\\\/?s={search_term_string}\"},\"query-input\":{\"@type\":\"PropertyValueSpecification\",\"valueRequired\":true,\"valueName\":\"search_term_string\"}}],\"inLanguage\":\"de\"},{\"@type\":\"Organization\",\"@id\":\"https:\\\/\\\/campingrifort.com\\\/de\\\/#organization\",\"name\":\"C\u00e0mping Rifort\",\"url\":\"https:\\\/\\\/campingrifort.com\\\/de\\\/\",\"logo\":{\"@type\":\"ImageObject\",\"inLanguage\":\"de\",\"@id\":\"https:\\\/\\\/campingrifort.com\\\/de\\\/#\\\/schema\\\/logo\\\/image\\\/\",\"url\":\"https:\\\/\\\/campingrifort.com\\\/wp-content\\\/uploads\\\/2022\\\/11\\\/CAMPING-RIFORT-Logo.jpg\",\"contentUrl\":\"https:\\\/\\\/campingrifort.com\\\/wp-content\\\/uploads\\\/2022\\\/11\\\/CAMPING-RIFORT-Logo.jpg\",\"width\":350,\"height\":100,\"caption\":\"C\u00e0mping Rifort\"},\"image\":{\"@id\":\"https:\\\/\\\/campingrifort.com\\\/de\\\/#\\\/schema\\\/logo\\\/image\\\/\"},\"sameAs\":[\"https:\\\/\\\/www.facebook.com\\\/campingrifort\",\"https:\\\/\\\/www.instagram.com\\\/campingrifort\\\/\"]}]}<\/script>\n<!-- \/ Yoast SEO plugin. -->","yoast_head_json":{"title":"Cookie-Richtlinie - C\u00e0mping Rifort","robots":{"index":"index","follow":"follow","max-snippet":"max-snippet:-1","max-image-preview":"max-image-preview:large","max-video-preview":"max-video-preview:-1"},"canonical":"https:\/\/campingrifort.com\/de\/cookie-richtlinie\/","og_locale":"de_DE","og_type":"article","og_title":"Cookie-Richtlinie - C\u00e0mping Rifort","og_description":"COOKIES-RICHTLINIE CAMPING RIFORT, SA () enth\u00e4lt durch dieses Dokument seine Richtlinien f\u00fcr die Sammlung und Behandlung von Cookies in \u00dcbereinstimmung mit den Bestimmungen von Artikel 22.2 des Gesetzes 34\/2002 vom 11. Juli \u00fcber Dienste der Gesellschaft f\u00fcr Information und elektronischen Handel (LSSICE). Die Cookies werden auf dem Endger\u00e4t des Benutzers (Computer oder mobiles Ger\u00e4t) gespeichert [&hellip;]","og_url":"https:\/\/campingrifort.com\/de\/cookie-richtlinie\/","og_site_name":"C\u00e0mping Rifort","article_publisher":"https:\/\/www.facebook.com\/campingrifort","article_modified_time":"2023-04-19T11:25:57+00:00","twitter_card":"summary_large_image","twitter_misc":{"Gesch\u00e4tzte Lesezeit":"4\u00a0Minuten"},"schema":{"@context":"https:\/\/schema.org","@graph":[{"@type":"WebPage","@id":"https:\/\/campingrifort.com\/de\/cookie-richtlinie\/","url":"https:\/\/campingrifort.com\/de\/cookie-richtlinie\/","name":"Cookie-Richtlinie - C\u00e0mping Rifort","isPartOf":{"@id":"https:\/\/campingrifort.com\/de\/#website"},"datePublished":"2023-01-16T12:21:45+00:00","dateModified":"2023-04-19T11:25:57+00:00","breadcrumb":{"@id":"https:\/\/campingrifort.com\/de\/cookie-richtlinie\/#breadcrumb"},"inLanguage":"de","potentialAction":[{"@type":"ReadAction","target":["https:\/\/campingrifort.com\/de\/cookie-richtlinie\/"]}]},{"@type":"BreadcrumbList","@id":"https:\/\/campingrifort.com\/de\/cookie-richtlinie\/#breadcrumb","itemListElement":[{"@type":"ListItem","position":1,"name":"Inici","item":"https:\/\/campingrifort.com\/de\/"},{"@type":"ListItem","position":2,"name":"Cookie-Richtlinie"}]},{"@type":"WebSite","@id":"https:\/\/campingrifort.com\/de\/#website","url":"https:\/\/campingrifort.com\/de\/","name":"C\u00e0mping Rifort","description":"El c\u00e0mping de tota la fam\u00edlia a l&#039;Estartit, Costa Brava","publisher":{"@id":"https:\/\/campingrifort.com\/de\/#organization"},"potentialAction":[{"@type":"SearchAction","target":{"@type":"EntryPoint","urlTemplate":"https:\/\/campingrifort.com\/de\/?s={search_term_string}"},"query-input":{"@type":"PropertyValueSpecification","valueRequired":true,"valueName":"search_term_string"}}],"inLanguage":"de"},{"@type":"Organization","@id":"https:\/\/campingrifort.com\/de\/#organization","name":"C\u00e0mping Rifort","url":"https:\/\/campingrifort.com\/de\/","logo":{"@type":"ImageObject","inLanguage":"de","@id":"https:\/\/campingrifort.com\/de\/#\/schema\/logo\/image\/","url":"https:\/\/campingrifort.com\/wp-content\/uploads\/2022\/11\/CAMPING-RIFORT-Logo.jpg","contentUrl":"https:\/\/campingrifort.com\/wp-content\/uploads\/2022\/11\/CAMPING-RIFORT-Logo.jpg","width":350,"height":100,"caption":"C\u00e0mping Rifort"},"image":{"@id":"https:\/\/campingrifort.com\/de\/#\/schema\/logo\/image\/"},"sameAs":["https:\/\/www.facebook.com\/campingrifort","https:\/\/www.instagram.com\/campingrifort\/"]}]}},"_links":{"self":[{"href":"https:\/\/campingrifort.com\/de\/wp-json\/wp\/v2\/pages\/3248","targetHints":{"allow":["GET"]}}],"collection":[{"href":"https:\/\/campingrifort.com\/de\/wp-json\/wp\/v2\/pages"}],"about":[{"href":"https:\/\/campingrifort.com\/de\/wp-json\/wp\/v2\/types\/page"}],"author":[{"embeddable":true,"href":"https:\/\/campingrifort.com\/de\/wp-json\/wp\/v2\/users\/1"}],"replies":[{"embeddable":true,"href":"https:\/\/campingrifort.com\/de\/wp-json\/wp\/v2\/comments?post=3248"}],"version-history":[{"count":0,"href":"https:\/\/campingrifort.com\/de\/wp-json\/wp\/v2\/pages\/3248\/revisions"}],"wp:attachment":[{"href":"https:\/\/campingrifort.com\/de\/wp-json\/wp\/v2\/media?parent=3248"}],"curies":[{"name":"wp","href":"https:\/\/api.w.org\/{rel}","templated":true}]}}