{"id":3246,"date":"2023-01-16T13:25:25","date_gmt":"2023-01-16T12:25:25","guid":{"rendered":"https:\/\/campingrifort.com\/rechtlicher-hinweis\/"},"modified":"2023-04-19T13:25:56","modified_gmt":"2023-04-19T11:25:56","slug":"rechtlicher-hinweis","status":"publish","type":"page","link":"https:\/\/campingrifort.com\/de\/rechtlicher-hinweis\/","title":{"rendered":"Rechtlicher Hinweis"},"content":{"rendered":"\t\t<div data-elementor-type=\"wp-page\" data-elementor-id=\"3246\" class=\"elementor elementor-3246 elementor-1604\" data-elementor-post-type=\"page\">\n\t\t\t\t\t\t<section class=\"elementor-section elementor-top-section elementor-element elementor-element-9bc39c0 elementor-section-boxed elementor-section-height-default elementor-section-height-default\" data-id=\"9bc39c0\" data-element_type=\"section\" data-e-type=\"section\" data-settings=\"{&quot;jet_parallax_layout_list&quot;:[]}\">\n\t\t\t\t\t\t<div class=\"elementor-container elementor-column-gap-default\">\n\t\t\t\t\t<div class=\"elementor-column elementor-col-100 elementor-top-column elementor-element elementor-element-a9a72f8\" data-id=\"a9a72f8\" data-element_type=\"column\" data-e-type=\"column\">\n\t\t\t<div class=\"elementor-widget-wrap elementor-element-populated\">\n\t\t\t\t\t\t<div class=\"elementor-element elementor-element-2ac1343 elementor-widget elementor-widget-spacer\" data-id=\"2ac1343\" data-element_type=\"widget\" data-e-type=\"widget\" data-widget_type=\"spacer.default\">\n\t\t\t\t<div class=\"elementor-widget-container\">\n\t\t\t\t\t\t\t<div class=\"elementor-spacer\">\n\t\t\t<div class=\"elementor-spacer-inner\"><\/div>\n\t\t<\/div>\n\t\t\t\t\t\t<\/div>\n\t\t\t\t<\/div>\n\t\t\t\t<div class=\"elementor-element elementor-element-ae89505 elementor-widget elementor-widget-heading\" data-id=\"ae89505\" data-element_type=\"widget\" data-e-type=\"widget\" data-widget_type=\"heading.default\">\n\t\t\t\t<div class=\"elementor-widget-container\">\n\t\t\t\t\t<h2 class=\"elementor-heading-title elementor-size-default\">RECHTLICHE WARNUNG<\/h2>\t\t\t\t<\/div>\n\t\t\t\t<\/div>\n\t\t\t\t<div class=\"elementor-element elementor-element-6c8481d elementor-widget elementor-widget-spacer\" data-id=\"6c8481d\" data-element_type=\"widget\" data-e-type=\"widget\" data-widget_type=\"spacer.default\">\n\t\t\t\t<div class=\"elementor-widget-container\">\n\t\t\t\t\t\t\t<div class=\"elementor-spacer\">\n\t\t\t<div class=\"elementor-spacer-inner\"><\/div>\n\t\t<\/div>\n\t\t\t\t\t\t<\/div>\n\t\t\t\t<\/div>\n\t\t\t\t\t<\/div>\n\t\t<\/div>\n\t\t\t\t\t<\/div>\n\t\t<\/section>\n\t\t\t\t<section class=\"elementor-section elementor-top-section elementor-element elementor-element-ed98642 elementor-section-boxed elementor-section-height-default elementor-section-height-default\" data-id=\"ed98642\" data-element_type=\"section\" data-e-type=\"section\" data-settings=\"{&quot;jet_parallax_layout_list&quot;:[]}\">\n\t\t\t\t\t\t<div class=\"elementor-container elementor-column-gap-default\">\n\t\t\t\t\t<div class=\"elementor-column elementor-col-100 elementor-top-column elementor-element elementor-element-39aae48\" data-id=\"39aae48\" data-element_type=\"column\" data-e-type=\"column\">\n\t\t\t<div class=\"elementor-widget-wrap elementor-element-populated\">\n\t\t\t\t\t\t<div class=\"elementor-element elementor-element-896dbcb elementor-widget elementor-widget-text-editor\" data-id=\"896dbcb\" data-element_type=\"widget\" data-e-type=\"widget\" data-widget_type=\"text-editor.default\">\n\t\t\t\t<div class=\"elementor-widget-container\">\n\t\t\t\t\t\t\t\t\t<p>In \u00dcbereinstimmung mit Artikel 10 des Gesetzes 34\/2002 vom 11. Juli \u00fcber Dienstleistungen der Gesellschaft f\u00fcr Information und elektronischen Handel (LSSICE) sind die Identifikationsdaten des Unternehmens nachstehend aufgef\u00fchrt:<\/p>\n<p>Firmennummer:<\/p>\n<p>Firmenname: CAMPING RIFORT, SA<\/p>\n<p>NIF: A17205857<\/p>\n<p>RMG: T309 L590 F179 H10330 Ins 1\u00aa<\/p>\n<p>Adresse: CAMI VELL, 2 \u2013 17258 \u2013 L\u2019ESTARTIT \u2013 GIRONA<\/p>\n<p>Telefon: 972750406<\/p>\n<p>E-Mail: campingrifort@campingrifort.com<\/p>\n<p>ZWECK DER WEBSITE.<\/p>\n<p>Hier m\u00fcssen Sie den Zweck oder die Aktivit\u00e4t der Website oder des Unternehmens beschreiben. Preise der \u00fcber die Website angebotenen Produkte oder Dienstleistungen mit Angabe von Steuern und Versandkosten.<\/p>\n<p>Dieser rechtliche Hinweis (im Folgenden \u201erechtlicher Hinweis\u201c) regelt die Nutzung der Website: www.campingrifort.com<\/p>\n<p>GESETZGEBUNG.<\/p>\n<p>Im Allgemeinen unterliegen die Beziehungen zwischen A17205857 () und den Nutzern seiner auf dieser Website pr\u00e4sentierten Telematikdienste der spanischen Gesetzgebung und Rechtsprechung.<\/p>\n<p>BENUTZERVERWENDUNG UND ZUGANG.<\/p>\n<p>Der Benutzer wird dar\u00fcber informiert und akzeptiert, dass der Zugriff auf diese Website in keiner Weise den Beginn einer Gesch\u00e4ftsbeziehung mit CAMPING RIFORT, SA () oder einer seiner Vertretungen bedeutet.<\/p>\n<p>GEISTIGES UND INDUSTRIELLES EIGENTUM.<\/p>\n<p>Die geistigen Eigentumsrechte an den Inhalten der Webseiten, ihrer grafischen Gestaltung und Codes sind Eigentum von CAMPING RIFORT, SA () und daher ist ihre Vervielf\u00e4ltigung, Verbreitung, \u00f6ffentliche Kommunikation, Umwandlung oder jede andere Aktivit\u00e4t, die durchgef\u00fchrt werden kann, verboten mit den Inhalten seiner Webseiten oder sogar unter Angabe der Quellen, au\u00dfer mit schriftlicher Zustimmung von CAMPING RIFORT, SA ().<\/p>\n<p>WEB-INHALTE UND LINKS.<\/p>\n<p>CAMPING RIFORT, SA () beh\u00e4lt sich das Recht vor, die auf seinen Webseiten enthaltenen Informationen zu aktualisieren, zu \u00e4ndern oder zu l\u00f6schen, und kann den Zugriff auf diese Informationen sogar auf bestimmte Benutzer beschr\u00e4nken oder verweigern.<\/p>\n<p>CAMPING RIFORT, SA () \u00fcbernimmt keine Verantwortung f\u00fcr die Informationen, die auf Webseiten Dritter enthalten sind, auf die \u00fcber \u201eLinks\u201c oder Links von einer Webseite im Besitz von CAMPING RIFORT, SA () zugegriffen werden kann. Das Vorhandensein von &#8222;Links&#8220; oder Links auf den Webseiten von CAMPING RIFORT, SA () hat einen rein informativen Zweck und bedeutet in keinem Fall eine Anregung, Einladung oder Empfehlung dazu.<\/p>\n\t\t\t\t\t\t\t\t<\/div>\n\t\t\t\t<\/div>\n\t\t\t\t\t<\/div>\n\t\t<\/div>\n\t\t\t\t\t<\/div>\n\t\t<\/section>\n\t\t\t\t<section class=\"elementor-section elementor-top-section elementor-element elementor-element-255b734 elementor-section-boxed elementor-section-height-default elementor-section-height-default\" data-id=\"255b734\" data-element_type=\"section\" data-e-type=\"section\" data-settings=\"{&quot;jet_parallax_layout_list&quot;:[],&quot;background_background&quot;:&quot;classic&quot;}\">\n\t\t\t\t\t\t<div class=\"elementor-container elementor-column-gap-default\">\n\t\t\t\t\t<div class=\"elementor-column elementor-col-100 elementor-top-column elementor-element elementor-element-eea9238\" data-id=\"eea9238\" data-element_type=\"column\" data-e-type=\"column\">\n\t\t\t<div class=\"elementor-widget-wrap elementor-element-populated\">\n\t\t\t\t\t\t<div class=\"elementor-element elementor-element-e97c76a elementor-widget-divider--view-line elementor-widget elementor-widget-divider\" data-id=\"e97c76a\" data-element_type=\"widget\" data-e-type=\"widget\" data-widget_type=\"divider.default\">\n\t\t\t\t<div class=\"elementor-widget-container\">\n\t\t\t\t\t\t\t<div class=\"elementor-divider\">\n\t\t\t<span class=\"elementor-divider-separator\">\n\t\t\t\t\t\t<\/span>\n\t\t<\/div>\n\t\t\t\t\t\t<\/div>\n\t\t\t\t<\/div>\n\t\t\t\t\t<\/div>\n\t\t<\/div>\n\t\t\t\t\t<\/div>\n\t\t<\/section>\n\t\t\t\t<section class=\"elementor-section elementor-top-section elementor-element elementor-element-42f0349 elementor-section-boxed elementor-section-height-default elementor-section-height-default\" data-id=\"42f0349\" data-element_type=\"section\" data-e-type=\"section\" data-settings=\"{&quot;jet_parallax_layout_list&quot;:[]}\">\n\t\t\t\t\t\t<div class=\"elementor-container elementor-column-gap-default\">\n\t\t\t\t\t<div class=\"elementor-column elementor-col-50 elementor-top-column elementor-element elementor-element-f5643b0\" data-id=\"f5643b0\" data-element_type=\"column\" data-e-type=\"column\">\n\t\t\t<div class=\"elementor-widget-wrap elementor-element-populated\">\n\t\t\t\t\t\t<div class=\"elementor-element elementor-element-f4f7a08 elementor-align-center elementor-mobile-align-justify elementor-invisible elementor-widget elementor-widget-button\" data-id=\"f4f7a08\" data-element_type=\"widget\" data-e-type=\"widget\" data-settings=\"{&quot;_animation&quot;:&quot;zoomIn&quot;,&quot;_animation_delay&quot;:300}\" data-widget_type=\"button.default\">\n\t\t\t\t<div class=\"elementor-widget-container\">\n\t\t\t\t\t\t\t\t\t<div class=\"elementor-button-wrapper\">\n\t\t\t\t\t<a class=\"elementor-button elementor-button-link elementor-size-sm\" href=\"https:\/\/campingrifort.com\/de\/datenschutz-bestimmungen\/\">\n\t\t\t\t\t\t<span class=\"elementor-button-content-wrapper\">\n\t\t\t\t\t\t\t\t\t<span class=\"elementor-button-text\">DATENSCHUTZ-BESTIMMUNGEN<\/span>\n\t\t\t\t\t<\/span>\n\t\t\t\t\t<\/a>\n\t\t\t\t<\/div>\n\t\t\t\t\t\t\t\t<\/div>\n\t\t\t\t<\/div>\n\t\t\t\t\t<\/div>\n\t\t<\/div>\n\t\t\t\t<div class=\"elementor-column elementor-col-50 elementor-top-column elementor-element elementor-element-238d066\" data-id=\"238d066\" data-element_type=\"column\" data-e-type=\"column\">\n\t\t\t<div class=\"elementor-widget-wrap elementor-element-populated\">\n\t\t\t\t\t\t<div class=\"elementor-element elementor-element-8b13a69 elementor-align-center elementor-mobile-align-justify elementor-invisible elementor-widget elementor-widget-button\" data-id=\"8b13a69\" data-element_type=\"widget\" data-e-type=\"widget\" data-settings=\"{&quot;_animation&quot;:&quot;zoomIn&quot;,&quot;_animation_delay&quot;:300}\" data-widget_type=\"button.default\">\n\t\t\t\t<div class=\"elementor-widget-container\">\n\t\t\t\t\t\t\t\t\t<div class=\"elementor-button-wrapper\">\n\t\t\t\t\t<a class=\"elementor-button elementor-button-link elementor-size-sm\" href=\"https:\/\/campingrifort.com\/de\/cookie-richtlinie\/\">\n\t\t\t\t\t\t<span class=\"elementor-button-content-wrapper\">\n\t\t\t\t\t\t\t\t\t<span class=\"elementor-button-text\">COOKIES-RICHTLINIE<\/span>\n\t\t\t\t\t<\/span>\n\t\t\t\t\t<\/a>\n\t\t\t\t<\/div>\n\t\t\t\t\t\t\t\t<\/div>\n\t\t\t\t<\/div>\n\t\t\t\t\t<\/div>\n\t\t<\/div>\n\t\t\t\t\t<\/div>\n\t\t<\/section>\n\t\t\t\t<section class=\"elementor-section elementor-top-section elementor-element elementor-element-3534a16 elementor-hidden-mobile elementor-section-boxed elementor-section-height-default elementor-section-height-default\" data-id=\"3534a16\" data-element_type=\"section\" data-e-type=\"section\" data-settings=\"{&quot;jet_parallax_layout_list&quot;:[]}\">\n\t\t\t\t\t\t<div class=\"elementor-container elementor-column-gap-default\">\n\t\t\t\t\t<div class=\"elementor-column elementor-col-100 elementor-top-column elementor-element elementor-element-4656daa\" data-id=\"4656daa\" data-element_type=\"column\" data-e-type=\"column\">\n\t\t\t<div class=\"elementor-widget-wrap elementor-element-populated\">\n\t\t\t\t\t\t<div class=\"elementor-element elementor-element-99b877c elementor-widget elementor-widget-spacer\" data-id=\"99b877c\" data-element_type=\"widget\" data-e-type=\"widget\" data-widget_type=\"spacer.default\">\n\t\t\t\t<div class=\"elementor-widget-container\">\n\t\t\t\t\t\t\t<div class=\"elementor-spacer\">\n\t\t\t<div class=\"elementor-spacer-inner\"><\/div>\n\t\t<\/div>\n\t\t\t\t\t\t<\/div>\n\t\t\t\t<\/div>\n\t\t\t\t\t<\/div>\n\t\t<\/div>\n\t\t\t\t\t<\/div>\n\t\t<\/section>\n\t\t\t\t<\/div>\n\t\t","protected":false},"excerpt":{"rendered":"<p>RECHTLICHE WARNUNG In \u00dcbereinstimmung mit Artikel 10 des Gesetzes 34\/2002 vom 11. Juli \u00fcber Dienstleistungen der Gesellschaft f\u00fcr Information und elektronischen Handel (LSSICE) sind die Identifikationsdaten des Unternehmens nachstehend aufgef\u00fchrt: Firmennummer: Firmenname: CAMPING RIFORT, SA NIF: A17205857 RMG: T309 L590 F179 H10330 Ins 1\u00aa Adresse: CAMI VELL, 2 \u2013 17258 \u2013 L\u2019ESTARTIT \u2013 GIRONA Telefon: [&hellip;]<\/p>\n","protected":false},"author":1,"featured_media":0,"parent":0,"menu_order":0,"comment_status":"closed","ping_status":"closed","template":"elementor_header_footer","meta":{"footnotes":""},"class_list":["post-3246","page","type-page","status-publish","hentry"],"yoast_head":"<!-- This site is optimized with the Yoast SEO plugin v27.3 - https:\/\/yoast.com\/product\/yoast-seo-wordpress\/ -->\n<title>Rechtlicher Hinweis - C\u00e0mping Rifort<\/title>\n<meta name=\"robots\" content=\"index, follow, max-snippet:-1, max-image-preview:large, max-video-preview:-1\" \/>\n<link rel=\"canonical\" href=\"https:\/\/campingrifort.com\/de\/rechtlicher-hinweis\/\" \/>\n<meta property=\"og:locale\" content=\"de_DE\" \/>\n<meta property=\"og:type\" content=\"article\" \/>\n<meta property=\"og:title\" content=\"Rechtlicher Hinweis - C\u00e0mping Rifort\" \/>\n<meta property=\"og:description\" content=\"RECHTLICHE WARNUNG In \u00dcbereinstimmung mit Artikel 10 des Gesetzes 34\/2002 vom 11. Juli \u00fcber Dienstleistungen der Gesellschaft f\u00fcr Information und elektronischen Handel (LSSICE) sind die Identifikationsdaten des Unternehmens nachstehend aufgef\u00fchrt: Firmennummer: Firmenname: CAMPING RIFORT, SA NIF: A17205857 RMG: T309 L590 F179 H10330 Ins 1\u00aa Adresse: CAMI VELL, 2 \u2013 17258 \u2013 L\u2019ESTARTIT \u2013 GIRONA Telefon: [&hellip;]\" \/>\n<meta property=\"og:url\" content=\"https:\/\/campingrifort.com\/de\/rechtlicher-hinweis\/\" \/>\n<meta property=\"og:site_name\" content=\"C\u00e0mping Rifort\" \/>\n<meta property=\"article:publisher\" content=\"https:\/\/www.facebook.com\/campingrifort\" \/>\n<meta property=\"article:modified_time\" content=\"2023-04-19T11:25:56+00:00\" \/>\n<meta name=\"twitter:card\" content=\"summary_large_image\" \/>\n<meta name=\"twitter:label1\" content=\"Gesch\u00e4tzte Lesezeit\" \/>\n\t<meta name=\"twitter:data1\" content=\"2\u00a0Minuten\" \/>\n<script type=\"application\/ld+json\" class=\"yoast-schema-graph\">{\"@context\":\"https:\\\/\\\/schema.org\",\"@graph\":[{\"@type\":\"WebPage\",\"@id\":\"https:\\\/\\\/campingrifort.com\\\/de\\\/rechtlicher-hinweis\\\/\",\"url\":\"https:\\\/\\\/campingrifort.com\\\/de\\\/rechtlicher-hinweis\\\/\",\"name\":\"Rechtlicher Hinweis - C\u00e0mping Rifort\",\"isPartOf\":{\"@id\":\"https:\\\/\\\/campingrifort.com\\\/de\\\/#website\"},\"datePublished\":\"2023-01-16T12:25:25+00:00\",\"dateModified\":\"2023-04-19T11:25:56+00:00\",\"breadcrumb\":{\"@id\":\"https:\\\/\\\/campingrifort.com\\\/de\\\/rechtlicher-hinweis\\\/#breadcrumb\"},\"inLanguage\":\"de\",\"potentialAction\":[{\"@type\":\"ReadAction\",\"target\":[\"https:\\\/\\\/campingrifort.com\\\/de\\\/rechtlicher-hinweis\\\/\"]}]},{\"@type\":\"BreadcrumbList\",\"@id\":\"https:\\\/\\\/campingrifort.com\\\/de\\\/rechtlicher-hinweis\\\/#breadcrumb\",\"itemListElement\":[{\"@type\":\"ListItem\",\"position\":1,\"name\":\"Inici\",\"item\":\"https:\\\/\\\/campingrifort.com\\\/de\\\/\"},{\"@type\":\"ListItem\",\"position\":2,\"name\":\"Rechtlicher Hinweis\"}]},{\"@type\":\"WebSite\",\"@id\":\"https:\\\/\\\/campingrifort.com\\\/de\\\/#website\",\"url\":\"https:\\\/\\\/campingrifort.com\\\/de\\\/\",\"name\":\"C\u00e0mping Rifort\",\"description\":\"El c\u00e0mping de tota la fam\u00edlia a l&#039;Estartit, Costa Brava\",\"publisher\":{\"@id\":\"https:\\\/\\\/campingrifort.com\\\/de\\\/#organization\"},\"potentialAction\":[{\"@type\":\"SearchAction\",\"target\":{\"@type\":\"EntryPoint\",\"urlTemplate\":\"https:\\\/\\\/campingrifort.com\\\/de\\\/?s={search_term_string}\"},\"query-input\":{\"@type\":\"PropertyValueSpecification\",\"valueRequired\":true,\"valueName\":\"search_term_string\"}}],\"inLanguage\":\"de\"},{\"@type\":\"Organization\",\"@id\":\"https:\\\/\\\/campingrifort.com\\\/de\\\/#organization\",\"name\":\"C\u00e0mping Rifort\",\"url\":\"https:\\\/\\\/campingrifort.com\\\/de\\\/\",\"logo\":{\"@type\":\"ImageObject\",\"inLanguage\":\"de\",\"@id\":\"https:\\\/\\\/campingrifort.com\\\/de\\\/#\\\/schema\\\/logo\\\/image\\\/\",\"url\":\"https:\\\/\\\/campingrifort.com\\\/wp-content\\\/uploads\\\/2022\\\/11\\\/CAMPING-RIFORT-Logo.jpg\",\"contentUrl\":\"https:\\\/\\\/campingrifort.com\\\/wp-content\\\/uploads\\\/2022\\\/11\\\/CAMPING-RIFORT-Logo.jpg\",\"width\":350,\"height\":100,\"caption\":\"C\u00e0mping Rifort\"},\"image\":{\"@id\":\"https:\\\/\\\/campingrifort.com\\\/de\\\/#\\\/schema\\\/logo\\\/image\\\/\"},\"sameAs\":[\"https:\\\/\\\/www.facebook.com\\\/campingrifort\",\"https:\\\/\\\/www.instagram.com\\\/campingrifort\\\/\"]}]}<\/script>\n<!-- \/ Yoast SEO plugin. -->","yoast_head_json":{"title":"Rechtlicher Hinweis - C\u00e0mping Rifort","robots":{"index":"index","follow":"follow","max-snippet":"max-snippet:-1","max-image-preview":"max-image-preview:large","max-video-preview":"max-video-preview:-1"},"canonical":"https:\/\/campingrifort.com\/de\/rechtlicher-hinweis\/","og_locale":"de_DE","og_type":"article","og_title":"Rechtlicher Hinweis - C\u00e0mping Rifort","og_description":"RECHTLICHE WARNUNG In \u00dcbereinstimmung mit Artikel 10 des Gesetzes 34\/2002 vom 11. Juli \u00fcber Dienstleistungen der Gesellschaft f\u00fcr Information und elektronischen Handel (LSSICE) sind die Identifikationsdaten des Unternehmens nachstehend aufgef\u00fchrt: Firmennummer: Firmenname: CAMPING RIFORT, SA NIF: A17205857 RMG: T309 L590 F179 H10330 Ins 1\u00aa Adresse: CAMI VELL, 2 \u2013 17258 \u2013 L\u2019ESTARTIT \u2013 GIRONA Telefon: [&hellip;]","og_url":"https:\/\/campingrifort.com\/de\/rechtlicher-hinweis\/","og_site_name":"C\u00e0mping Rifort","article_publisher":"https:\/\/www.facebook.com\/campingrifort","article_modified_time":"2023-04-19T11:25:56+00:00","twitter_card":"summary_large_image","twitter_misc":{"Gesch\u00e4tzte Lesezeit":"2\u00a0Minuten"},"schema":{"@context":"https:\/\/schema.org","@graph":[{"@type":"WebPage","@id":"https:\/\/campingrifort.com\/de\/rechtlicher-hinweis\/","url":"https:\/\/campingrifort.com\/de\/rechtlicher-hinweis\/","name":"Rechtlicher Hinweis - C\u00e0mping Rifort","isPartOf":{"@id":"https:\/\/campingrifort.com\/de\/#website"},"datePublished":"2023-01-16T12:25:25+00:00","dateModified":"2023-04-19T11:25:56+00:00","breadcrumb":{"@id":"https:\/\/campingrifort.com\/de\/rechtlicher-hinweis\/#breadcrumb"},"inLanguage":"de","potentialAction":[{"@type":"ReadAction","target":["https:\/\/campingrifort.com\/de\/rechtlicher-hinweis\/"]}]},{"@type":"BreadcrumbList","@id":"https:\/\/campingrifort.com\/de\/rechtlicher-hinweis\/#breadcrumb","itemListElement":[{"@type":"ListItem","position":1,"name":"Inici","item":"https:\/\/campingrifort.com\/de\/"},{"@type":"ListItem","position":2,"name":"Rechtlicher Hinweis"}]},{"@type":"WebSite","@id":"https:\/\/campingrifort.com\/de\/#website","url":"https:\/\/campingrifort.com\/de\/","name":"C\u00e0mping Rifort","description":"El c\u00e0mping de tota la fam\u00edlia a l&#039;Estartit, Costa Brava","publisher":{"@id":"https:\/\/campingrifort.com\/de\/#organization"},"potentialAction":[{"@type":"SearchAction","target":{"@type":"EntryPoint","urlTemplate":"https:\/\/campingrifort.com\/de\/?s={search_term_string}"},"query-input":{"@type":"PropertyValueSpecification","valueRequired":true,"valueName":"search_term_string"}}],"inLanguage":"de"},{"@type":"Organization","@id":"https:\/\/campingrifort.com\/de\/#organization","name":"C\u00e0mping Rifort","url":"https:\/\/campingrifort.com\/de\/","logo":{"@type":"ImageObject","inLanguage":"de","@id":"https:\/\/campingrifort.com\/de\/#\/schema\/logo\/image\/","url":"https:\/\/campingrifort.com\/wp-content\/uploads\/2022\/11\/CAMPING-RIFORT-Logo.jpg","contentUrl":"https:\/\/campingrifort.com\/wp-content\/uploads\/2022\/11\/CAMPING-RIFORT-Logo.jpg","width":350,"height":100,"caption":"C\u00e0mping Rifort"},"image":{"@id":"https:\/\/campingrifort.com\/de\/#\/schema\/logo\/image\/"},"sameAs":["https:\/\/www.facebook.com\/campingrifort","https:\/\/www.instagram.com\/campingrifort\/"]}]}},"_links":{"self":[{"href":"https:\/\/campingrifort.com\/de\/wp-json\/wp\/v2\/pages\/3246","targetHints":{"allow":["GET"]}}],"collection":[{"href":"https:\/\/campingrifort.com\/de\/wp-json\/wp\/v2\/pages"}],"about":[{"href":"https:\/\/campingrifort.com\/de\/wp-json\/wp\/v2\/types\/page"}],"author":[{"embeddable":true,"href":"https:\/\/campingrifort.com\/de\/wp-json\/wp\/v2\/users\/1"}],"replies":[{"embeddable":true,"href":"https:\/\/campingrifort.com\/de\/wp-json\/wp\/v2\/comments?post=3246"}],"version-history":[{"count":0,"href":"https:\/\/campingrifort.com\/de\/wp-json\/wp\/v2\/pages\/3246\/revisions"}],"wp:attachment":[{"href":"https:\/\/campingrifort.com\/de\/wp-json\/wp\/v2\/media?parent=3246"}],"curies":[{"name":"wp","href":"https:\/\/api.w.org\/{rel}","templated":true}]}}